{"id":15445,"date":"2025-05-05T13:13:48","date_gmt":"2025-05-05T10:13:48","guid":{"rendered":"https:\/\/www.cihanpandoor.com\/?page_id=15445"},"modified":"2025-05-05T17:55:41","modified_gmt":"2025-05-05T14:55:41","slug":"oda-kapisi-ureticileri","status":"publish","type":"page","link":"https:\/\/www.cihanpandoor.com\/ar\/oda-kapisi-ureticileri\/","title":{"rendered":"oda-kapisi-ureticileri"},"content":{"rendered":"\t\t<div data-elementor-type=\"wp-post\" data-elementor-id=\"15445\" class=\"elementor elementor-15445\">\n\t\t\t\t\t\t<section class=\"elementor-section elementor-top-section elementor-element elementor-element-03a9865 elementor-section-boxed elementor-section-height-default elementor-section-height-default qodef-elementor-content-no\" data-id=\"03a9865\" data-element_type=\"section\" data-e-type=\"section\">\n\t\t\t\t\t\t<div class=\"elementor-container elementor-column-gap-default\">\n\t\t\t\t\t<div class=\"elementor-column elementor-col-100 elementor-top-column elementor-element elementor-element-b944ce1\" data-id=\"b944ce1\" data-element_type=\"column\" data-e-type=\"column\">\n\t\t\t<div class=\"elementor-widget-wrap elementor-element-populated\">\n\t\t\t\t\t\t<div class=\"elementor-element elementor-element-8917f3f elementor-widget__width-initial elementor-widget elementor-widget-heading\" data-id=\"8917f3f\" data-element_type=\"widget\" data-e-type=\"widget\" data-widget_type=\"heading.default\">\n\t\t\t\t<div class=\"elementor-widget-container\">\n\t\t\t\t\t<h1 class=\"elementor-heading-title elementor-size-default\">T\u00fcrkiye\u2019nin G\u00fcvenilir \u0130\u00e7 Kap\u0131 \u00dcreticileri Aras\u0131nda Lider: Cihanpan Door <\/h1>\t\t\t\t<\/div>\n\t\t\t\t<\/div>\n\t\t\t\t\t<\/div>\n\t\t<\/div>\n\t\t\t\t\t<\/div>\n\t\t<\/section>\n\t\t\t\t<section class=\"elementor-section elementor-top-section elementor-element elementor-element-c2f9413 elementor-section-boxed elementor-section-height-default elementor-section-height-default qodef-elementor-content-no\" data-id=\"c2f9413\" data-element_type=\"section\" data-e-type=\"section\">\n\t\t\t\t\t\t<div class=\"elementor-container elementor-column-gap-default\">\n\t\t\t\t\t<div class=\"elementor-column elementor-col-100 elementor-top-column elementor-element elementor-element-feaa9a4\" data-id=\"feaa9a4\" data-element_type=\"column\" data-e-type=\"column\">\n\t\t\t<div class=\"elementor-widget-wrap elementor-element-populated\">\n\t\t\t\t\t\t<div class=\"elementor-element elementor-element-b3f1efa elementor-widget elementor-widget-text-editor\" data-id=\"b3f1efa\" data-element_type=\"widget\" data-e-type=\"widget\" data-widget_type=\"text-editor.default\">\n\t\t\t\t<div class=\"elementor-widget-container\">\n\t\t\t\t\t\t\t\t\t<h2>T\u00fcrkiye\u2019nin G\u00fcvenilir \u0130\u00e7 Kap\u0131 \u00dcreticilerinden Lider: Cihanpan Door<\/h2><p>Y\u0131llar\u0131n deneyimi ve y\u00fcksek \u00fcretim kapasitesi ile Cihanpan Door, T\u00fcrkiye&#8217;nin \u00f6nde gelen i\u00e7 kap\u0131 \u00fcreticilerindendir. Estetik tasar\u0131mlar, dayan\u0131kl\u0131 malzemeler ve modern \u00fcretim teknolojileriyle toptan \u00e7\u00f6z\u00fcmler sunuyoruz.<\/p><p class=\"\" data-start=\"340\" data-end=\"592\">\u00dcretti\u011fimiz t\u00fcm i\u00e7 kap\u0131lar, hem konut hem de ticari projeler i\u00e7in idealdir. \u00dcr\u00fcn yelpazemiz PVC kaplamal\u0131 kap\u0131lar, Laminox kap\u0131lar, Elitpan serisi ve \u00f6zel \u00fcretim se\u00e7eneklerini i\u00e7erir. Her projeye uygun boyut ve model \u00f6zelle\u015ftirme se\u00e7enekleri sunuyoruz.<\/p><p class=\"\" data-start=\"594\" data-end=\"738\">\u2705 H\u0131zl\u0131 teslimat ve y\u00fcksek \u00fcretim kapasitesi<br data-start=\"638\" data-end=\"641\" \/>\u2705 Avrupa standartlar\u0131na uygun \u00fcretim<br data-start=\"677\" data-end=\"680\" \/>\u2705 Toptan fiyatland\u0131rma<br data-start=\"702\" data-end=\"705\" \/>\u2705 Esnek renk ve model se\u00e7enekleri<\/p><p class=\"\" data-start=\"740\" data-end=\"1049\">Cihanpan Door, yaln\u0131zca toptan sat\u0131\u015f yapmaktad\u0131r ve kap\u0131lar\u0131n\u0131 d\u00fcnya \u00e7ap\u0131nda bir\u00e7ok \u00fclkeye ihra\u00e7 etmektedir. Mimarl\u0131k firmalar\u0131, y\u00fckleniciler ve ithalat\u00e7\u0131lar i\u00e7in uygun maliyetli, y\u00fcksek kaliteli \u00e7\u00f6z\u00fcmler sunuyoruz. Hem kalite hem de g\u00fcven arayan profesyonel i\u00e7 kap\u0131 \u00fcreticileri ar\u0131yorsan\u0131z, do\u011fru yerdesiniz.<\/p><p class=\"\" data-start=\"1051\" data-end=\"1300\">Cihanpan Door olarak yaln\u0131zca toptan sat\u0131\u015f yap\u0131yoruz ve \u00fcr\u00fcnlerimizi \u00f6zellikle Avrupa\u2019daki Romanya, Bulgaristan, Almanya, Irak ve Libya gibi pazarlara ihra\u00e7 ediyoruz. T\u00fcrk \u0130hracat\u00e7\u0131lar Meclisi\u2019ne kay\u0131tl\u0131y\u0131z ve her sipari\u015fi zaman\u0131nda teslim ediyoruz.<\/p><p class=\"\" data-start=\"1302\" data-end=\"1500\">Projeleriniz i\u00e7in \u00f6zel teklifler almak veya katalogumuzu talep etmek i\u00e7in bizimle ileti\u015fime ge\u00e7ebilirsiniz.<br data-start=\"1409\" data-end=\"1412\" \/>+90 544 169 00 38<br data-start=\"1429\" data-end=\"1432\" \/><a class=\"\" href=\"mailto:export@cihanpandoor.com\" rel=\"noopener\" data-start=\"1473\" data-end=\"1496\">export@cihanpandoor.com<\/a><\/p>\t\t\t\t\t\t\t\t<\/div>\n\t\t\t\t<\/div>\n\t\t\t\t\t<\/div>\n\t\t<\/div>\n\t\t\t\t\t<\/div>\n\t\t<\/section>\n\t\t\t\t<section class=\"elementor-section elementor-top-section elementor-element elementor-element-6ce5145 elementor-section-boxed elementor-section-height-default elementor-section-height-default qodef-elementor-content-no\" data-id=\"6ce5145\" data-element_type=\"section\" data-e-type=\"section\">\n\t\t\t\t\t\t<div class=\"elementor-container elementor-column-gap-default\">\n\t\t\t\t\t<div class=\"elementor-column elementor-col-100 elementor-top-column elementor-element elementor-element-1f5be7f\" data-id=\"1f5be7f\" data-element_type=\"column\" data-e-type=\"column\">\n\t\t\t<div class=\"elementor-widget-wrap elementor-element-populated\">\n\t\t\t\t\t\t<div class=\"elementor-element elementor-element-d292952 elementor-widget elementor-widget-archicon_core_button\" data-id=\"d292952\" data-element_type=\"widget\" data-e-type=\"widget\" data-widget_type=\"archicon_core_button.default\">\n\t\t\t\t<div class=\"elementor-widget-container\">\n\t\t\t\t\t<a class=\"qodef-shortcode qodef-m  qodef-button qodef-layout--filled qodef-size--full qodef-html--link\" href=\"https:\/\/www.cihanpandoor.com\/en\/interior-room-doors\/\" target=\"_blank\"  >\n\t<span class=\"qodef-m-text\">\u0130\u00c7 ODA KAPILARIMIZ<\/span>\n<\/a>\n\t\t\t\t<\/div>\n\t\t\t\t<\/div>\n\t\t\t\t\t<\/div>\n\t\t<\/div>\n\t\t\t\t\t<\/div>\n\t\t<\/section>\n\t\t\t\t<\/div>\n\t\t","protected":false},"excerpt":{"rendered":"<p>\u0639\u0641\u0648\u0627\u060c \u0647\u0630\u0647 \u0627\u0644\u0645\u062f\u062e\u0644\u0629 \u0645\u0648\u062c\u0648\u062f\u0629 \u0641\u0642\u0637 \u0641\u064a Turkish.<\/p>\n","protected":false},"author":2,"featured_media":0,"parent":0,"menu_order":0,"comment_status":"closed","ping_status":"closed","template":"","meta":{"footnotes":""},"class_list":["post-15445","page","type-page","status-publish","hentry"],"yoast_head":"<!-- This site is optimized with the Yoast SEO plugin v27.4 - https:\/\/yoast.com\/product\/yoast-seo-wordpress\/ -->\n<title>T\u00fcrkiye&#039;nin \u00d6nc\u00fc Oda Kap\u0131s\u0131 \u00dcreticileri | Cihanpan Door<\/title>\n<meta name=\"description\" content=\"T\u00fcrkiye\u2019nin \u00f6nde gelen oda kap\u0131s\u0131 \u00fcreticilerini ke\u015ffedin. Kaliteli, ve \u015f\u0131k i\u00e7 kap\u0131 \u00e7\u00f6z\u00fcmleriyle projeleriniz i\u00e7in en uygun \u00fcreticiyi bulun.\" \/>\n<meta name=\"robots\" content=\"index, follow, max-snippet:-1, max-image-preview:large, max-video-preview:-1\" \/>\n<link rel=\"canonical\" href=\"https:\/\/www.cihanpandoor.com\/oda-kapisi-ureticileri\/\" \/>\n<meta property=\"og:locale\" content=\"ar_AR\" \/>\n<meta property=\"og:type\" content=\"article\" \/>\n<meta property=\"og:title\" content=\"T\u00fcrkiye&#039;nin \u00d6nc\u00fc Oda Kap\u0131s\u0131 \u00dcreticileri | Cihanpan Door\" \/>\n<meta property=\"og:description\" content=\"T\u00fcrkiye\u2019nin \u00f6nde gelen oda kap\u0131s\u0131 \u00fcreticilerini ke\u015ffedin. Kaliteli, ve \u015f\u0131k i\u00e7 kap\u0131 \u00e7\u00f6z\u00fcmleriyle projeleriniz i\u00e7in en uygun \u00fcreticiyi bulun.\" \/>\n<meta property=\"og:url\" content=\"https:\/\/www.cihanpandoor.com\/oda-kapisi-ureticileri\/\" \/>\n<meta property=\"og:site_name\" content=\"CihanpanDoor\" \/>\n<meta property=\"article:publisher\" content=\"https:\/\/www.facebook.com\/profile.php?id=61568102666880\" \/>\n<meta property=\"article:modified_time\" content=\"2025-05-05T14:55:41+00:00\" \/>\n<meta property=\"og:image\" content=\"https:\/\/www.cihanpandoor.com\/wp-content\/uploads\/2024\/12\/Screenshot_78.png\" \/>\n\t<meta property=\"og:image:width\" content=\"938\" \/>\n\t<meta property=\"og:image:height\" content=\"321\" \/>\n\t<meta property=\"og:image:type\" content=\"image\/png\" \/>\n<meta name=\"twitter:card\" content=\"summary_large_image\" \/>\n<meta name=\"twitter:label1\" content=\"\u0648\u0642\u062a \u0627\u0644\u0642\u0631\u0627\u0621\u0629 \u0627\u0644\u0645\u064f\u0642\u062f\u0651\u0631\" \/>\n\t<meta name=\"twitter:data1\" content=\"\u062f\u0642\u064a\u0642\u062a\u0627\u0646\" \/>\n<script type=\"application\/ld+json\" class=\"yoast-schema-graph\">{\"@context\":\"https:\\\/\\\/schema.org\",\"@graph\":[{\"@type\":[\"WebPage\",\"ContactPage\"],\"@id\":\"https:\\\/\\\/www.cihanpandoor.com\\\/oda-kapisi-ureticileri\\\/\",\"url\":\"https:\\\/\\\/www.cihanpandoor.com\\\/oda-kapisi-ureticileri\\\/\",\"name\":\"T\u00fcrkiye'nin \u00d6nc\u00fc Oda Kap\u0131s\u0131 \u00dcreticileri | Cihanpan Door\",\"isPartOf\":{\"@id\":\"https:\\\/\\\/www.cihanpandoor.com\\\/#website\"},\"datePublished\":\"2025-05-05T10:13:48+00:00\",\"dateModified\":\"2025-05-05T14:55:41+00:00\",\"description\":\"T\u00fcrkiye\u2019nin \u00f6nde gelen oda kap\u0131s\u0131 \u00fcreticilerini ke\u015ffedin. Kaliteli, ve \u015f\u0131k i\u00e7 kap\u0131 \u00e7\u00f6z\u00fcmleriyle projeleriniz i\u00e7in en uygun \u00fcreticiyi bulun.\",\"breadcrumb\":{\"@id\":\"https:\\\/\\\/www.cihanpandoor.com\\\/oda-kapisi-ureticileri\\\/#breadcrumb\"},\"inLanguage\":\"ar\",\"potentialAction\":[{\"@type\":\"ReadAction\",\"target\":[\"https:\\\/\\\/www.cihanpandoor.com\\\/oda-kapisi-ureticileri\\\/\"]}]},{\"@type\":\"BreadcrumbList\",\"@id\":\"https:\\\/\\\/www.cihanpandoor.com\\\/oda-kapisi-ureticileri\\\/#breadcrumb\",\"itemListElement\":[{\"@type\":\"ListItem\",\"position\":1,\"name\":\"Anasayfa\",\"item\":\"https:\\\/\\\/www.cihanpandoor.com\\\/\"},{\"@type\":\"ListItem\",\"position\":2,\"name\":\"oda-kapisi-ureticileri\"}]},{\"@type\":\"WebSite\",\"@id\":\"https:\\\/\\\/www.cihanpandoor.com\\\/#website\",\"url\":\"https:\\\/\\\/www.cihanpandoor.com\\\/\",\"name\":\"CihanpanDoor\",\"description\":\"\",\"publisher\":{\"@id\":\"https:\\\/\\\/www.cihanpandoor.com\\\/#organization\"},\"potentialAction\":[{\"@type\":\"SearchAction\",\"target\":{\"@type\":\"EntryPoint\",\"urlTemplate\":\"https:\\\/\\\/www.cihanpandoor.com\\\/?s={search_term_string}\"},\"query-input\":{\"@type\":\"PropertyValueSpecification\",\"valueRequired\":true,\"valueName\":\"search_term_string\"}}],\"inLanguage\":\"ar\"},{\"@type\":\"Organization\",\"@id\":\"https:\\\/\\\/www.cihanpandoor.com\\\/#organization\",\"name\":\"CihanPan Door\",\"alternateName\":\"Cihanpandoor\",\"url\":\"https:\\\/\\\/www.cihanpandoor.com\\\/\",\"logo\":{\"@type\":\"ImageObject\",\"inLanguage\":\"ar\",\"@id\":\"https:\\\/\\\/www.cihanpandoor.com\\\/#\\\/schema\\\/logo\\\/image\\\/\",\"url\":\"https:\\\/\\\/www.cihanpandoor.com\\\/wp-content\\\/uploads\\\/2023\\\/02\\\/Cihanpandoor-Logo.png\",\"contentUrl\":\"https:\\\/\\\/www.cihanpandoor.com\\\/wp-content\\\/uploads\\\/2023\\\/02\\\/Cihanpandoor-Logo.png\",\"width\":350,\"height\":138,\"caption\":\"CihanPan Door\"},\"image\":{\"@id\":\"https:\\\/\\\/www.cihanpandoor.com\\\/#\\\/schema\\\/logo\\\/image\\\/\"},\"sameAs\":[\"https:\\\/\\\/www.facebook.com\\\/profile.php?id=61568102666880\",\"https:\\\/\\\/www.instagram.com\\\/cihanpan_door\\\/\"]}]}<\/script>\n<!-- \/ Yoast SEO plugin. -->","yoast_head_json":{"title":"T\u00fcrkiye'nin \u00d6nc\u00fc Oda Kap\u0131s\u0131 \u00dcreticileri | Cihanpan Door","description":"T\u00fcrkiye\u2019nin \u00f6nde gelen oda kap\u0131s\u0131 \u00fcreticilerini ke\u015ffedin. Kaliteli, ve \u015f\u0131k i\u00e7 kap\u0131 \u00e7\u00f6z\u00fcmleriyle projeleriniz i\u00e7in en uygun \u00fcreticiyi bulun.","robots":{"index":"index","follow":"follow","max-snippet":"max-snippet:-1","max-image-preview":"max-image-preview:large","max-video-preview":"max-video-preview:-1"},"canonical":"https:\/\/www.cihanpandoor.com\/oda-kapisi-ureticileri\/","og_locale":"ar_AR","og_type":"article","og_title":"T\u00fcrkiye'nin \u00d6nc\u00fc Oda Kap\u0131s\u0131 \u00dcreticileri | Cihanpan Door","og_description":"T\u00fcrkiye\u2019nin \u00f6nde gelen oda kap\u0131s\u0131 \u00fcreticilerini ke\u015ffedin. Kaliteli, ve \u015f\u0131k i\u00e7 kap\u0131 \u00e7\u00f6z\u00fcmleriyle projeleriniz i\u00e7in en uygun \u00fcreticiyi bulun.","og_url":"https:\/\/www.cihanpandoor.com\/oda-kapisi-ureticileri\/","og_site_name":"CihanpanDoor","article_publisher":"https:\/\/www.facebook.com\/profile.php?id=61568102666880","article_modified_time":"2025-05-05T14:55:41+00:00","og_image":[{"width":938,"height":321,"url":"https:\/\/www.cihanpandoor.com\/wp-content\/uploads\/2024\/12\/Screenshot_78.png","type":"image\/png"}],"twitter_card":"summary_large_image","twitter_misc":{"\u0648\u0642\u062a \u0627\u0644\u0642\u0631\u0627\u0621\u0629 \u0627\u0644\u0645\u064f\u0642\u062f\u0651\u0631":"\u062f\u0642\u064a\u0642\u062a\u0627\u0646"},"schema":{"@context":"https:\/\/schema.org","@graph":[{"@type":["WebPage","ContactPage"],"@id":"https:\/\/www.cihanpandoor.com\/oda-kapisi-ureticileri\/","url":"https:\/\/www.cihanpandoor.com\/oda-kapisi-ureticileri\/","name":"T\u00fcrkiye'nin \u00d6nc\u00fc Oda Kap\u0131s\u0131 \u00dcreticileri | Cihanpan Door","isPartOf":{"@id":"https:\/\/www.cihanpandoor.com\/#website"},"datePublished":"2025-05-05T10:13:48+00:00","dateModified":"2025-05-05T14:55:41+00:00","description":"T\u00fcrkiye\u2019nin \u00f6nde gelen oda kap\u0131s\u0131 \u00fcreticilerini ke\u015ffedin. Kaliteli, ve \u015f\u0131k i\u00e7 kap\u0131 \u00e7\u00f6z\u00fcmleriyle projeleriniz i\u00e7in en uygun \u00fcreticiyi bulun.","breadcrumb":{"@id":"https:\/\/www.cihanpandoor.com\/oda-kapisi-ureticileri\/#breadcrumb"},"inLanguage":"ar","potentialAction":[{"@type":"ReadAction","target":["https:\/\/www.cihanpandoor.com\/oda-kapisi-ureticileri\/"]}]},{"@type":"BreadcrumbList","@id":"https:\/\/www.cihanpandoor.com\/oda-kapisi-ureticileri\/#breadcrumb","itemListElement":[{"@type":"ListItem","position":1,"name":"Anasayfa","item":"https:\/\/www.cihanpandoor.com\/"},{"@type":"ListItem","position":2,"name":"oda-kapisi-ureticileri"}]},{"@type":"WebSite","@id":"https:\/\/www.cihanpandoor.com\/#website","url":"https:\/\/www.cihanpandoor.com\/","name":"CihanpanDoor","description":"","publisher":{"@id":"https:\/\/www.cihanpandoor.com\/#organization"},"potentialAction":[{"@type":"SearchAction","target":{"@type":"EntryPoint","urlTemplate":"https:\/\/www.cihanpandoor.com\/?s={search_term_string}"},"query-input":{"@type":"PropertyValueSpecification","valueRequired":true,"valueName":"search_term_string"}}],"inLanguage":"ar"},{"@type":"Organization","@id":"https:\/\/www.cihanpandoor.com\/#organization","name":"CihanPan Door","alternateName":"Cihanpandoor","url":"https:\/\/www.cihanpandoor.com\/","logo":{"@type":"ImageObject","inLanguage":"ar","@id":"https:\/\/www.cihanpandoor.com\/#\/schema\/logo\/image\/","url":"https:\/\/www.cihanpandoor.com\/wp-content\/uploads\/2023\/02\/Cihanpandoor-Logo.png","contentUrl":"https:\/\/www.cihanpandoor.com\/wp-content\/uploads\/2023\/02\/Cihanpandoor-Logo.png","width":350,"height":138,"caption":"CihanPan Door"},"image":{"@id":"https:\/\/www.cihanpandoor.com\/#\/schema\/logo\/image\/"},"sameAs":["https:\/\/www.facebook.com\/profile.php?id=61568102666880","https:\/\/www.instagram.com\/cihanpan_door\/"]}]}},"_links":{"self":[{"href":"https:\/\/www.cihanpandoor.com\/ar\/wp-json\/wp\/v2\/pages\/15445","targetHints":{"allow":["GET"]}}],"collection":[{"href":"https:\/\/www.cihanpandoor.com\/ar\/wp-json\/wp\/v2\/pages"}],"about":[{"href":"https:\/\/www.cihanpandoor.com\/ar\/wp-json\/wp\/v2\/types\/page"}],"author":[{"embeddable":true,"href":"https:\/\/www.cihanpandoor.com\/ar\/wp-json\/wp\/v2\/users\/2"}],"replies":[{"embeddable":true,"href":"https:\/\/www.cihanpandoor.com\/ar\/wp-json\/wp\/v2\/comments?post=15445"}],"version-history":[{"count":25,"href":"https:\/\/www.cihanpandoor.com\/ar\/wp-json\/wp\/v2\/pages\/15445\/revisions"}],"predecessor-version":[{"id":15476,"href":"https:\/\/www.cihanpandoor.com\/ar\/wp-json\/wp\/v2\/pages\/15445\/revisions\/15476"}],"wp:attachment":[{"href":"https:\/\/www.cihanpandoor.com\/ar\/wp-json\/wp\/v2\/media?parent=15445"}],"curies":[{"name":"wp","href":"https:\/\/api.w.org\/{rel}","templated":true}]}}