{"id":13867,"date":"2023-03-13T14:11:33","date_gmt":"2023-03-13T11:11:33","guid":{"rendered":"https:\/\/www.cihanpandoor.com\/?page_id=13867"},"modified":"2026-03-22T01:13:05","modified_gmt":"2026-03-21T22:13:05","slug":"contact-wooden-door-manufacturers-in-turkey","status":"publish","type":"page","link":"https:\/\/www.cihanpandoor.com\/tr\/contact-wooden-door-manufacturers-in-turkey\/","title":{"rendered":"\u0130leti\u015fim"},"content":{"rendered":"\t\t<div data-elementor-type=\"wp-page\" data-elementor-id=\"13867\" class=\"elementor elementor-13867\">\n\t\t\t\t\t\t<section class=\"elementor-section elementor-top-section elementor-element elementor-element-2ecf7c5c elementor-section-boxed elementor-section-height-default elementor-section-height-default qodef-elementor-content-no\" data-id=\"2ecf7c5c\" data-element_type=\"section\" data-e-type=\"section\">\n\t\t\t\t\t\t<div class=\"elementor-container elementor-column-gap-default\">\n\t\t\t\t\t<div class=\"elementor-column elementor-col-100 elementor-top-column elementor-element elementor-element-48c22a9c\" data-id=\"48c22a9c\" data-element_type=\"column\" data-e-type=\"column\">\n\t\t\t<div class=\"elementor-widget-wrap elementor-element-populated\">\n\t\t\t\t\t\t<div class=\"elementor-element elementor-element-1d0abe1d elementor-widget elementor-widget-text-editor\" data-id=\"1d0abe1d\" data-element_type=\"widget\" data-e-type=\"widget\" data-widget_type=\"text-editor.default\">\n\t\t\t\t<div class=\"elementor-widget-container\">\n\t\t\t\t\t\t\t\t\t<p>[vc_row full_width=&#8221;stretch_row_content&#8221; gap=&#8221;35&#8243; css=&#8221;.vc_custom_1678707900835{padding-left: 5% !important;}&#8221;][vc_column][vc_empty_space height=&#8221;20px&#8221;][vc_row_inner css=&#8221;.vc_custom_1681899600181{padding-right: 10% !important;padding-left: 10% !important;}&#8221;][vc_column_inner width=&#8221;1\/3&#8243;]<div class=\"qodef-shortcode qodef-m  qodef-icon-with-text qodef-layout--before-content qodef--icon-pack \">\n\t<div class=\"qodef-m-icon-wrapper\" >\n\t\t<span class=\"qodef-shortcode qodef-m  qodef-icon-holder qodef-size--medium qodef-layout--normal\"  >\t\t\t<span class=\"qodef-icon-elegant-icons icon_map qodef-icon qodef-e\" style=\"\" ><\/span>\t<\/span>\t<\/div>\n\t<div class=\"qodef-m-content\">\n\t\t\t<h3 class=\"qodef-m-title\" >\n\t\t\t\t\t<span class=\"qodef-m-title-text\">Adres<\/span>\n\t\t\t<\/h3>\n\t\t\t<p class=\"qodef-m-text\" >Organize Sanayi Bo\u0308lgesi 29. Cadde No:28 Kayseri\/TU\u0308RKI\u0307YE<\/p>\n\t<\/div>\n<\/div>\n[vc_empty_space height=&#8221;10px&#8221;][\/vc_column_inner][vc_column_inner width=&#8221;1\/3&#8243;]<div class=\"qodef-shortcode qodef-m  qodef-icon-with-text qodef-layout--before-content qodef--icon-pack \">\n\t<div class=\"qodef-m-icon-wrapper\" >\n\t\t<span class=\"qodef-shortcode qodef-m  qodef-icon-holder qodef-size--medium qodef-layout--normal\"  >\t\t\t<span class=\"qodef-icon-elegant-icons icon_phone qodef-icon qodef-e\" style=\"\" ><\/span>\t<\/span>\t<\/div>\n\t<div class=\"qodef-m-content\">\n\t\t\t<h3 class=\"qodef-m-title\" >\n\t\t\t\t\t<span class=\"qodef-m-title-text\">Telefon<\/span>\n\t\t\t<\/h3>\n\t\t\t<p class=\"qodef-m-text\" >+90 544 169 00 38 (Eng)+90 544 491 00 38 (Ar) \/ +90 352 322 04 04<\/p>\n\t<\/div>\n<\/div>\n[vc_empty_space height=&#8221;10px&#8221;][\/vc_column_inner][vc_column_inner width=&#8221;1\/3&#8243;]<div class=\"qodef-shortcode qodef-m  qodef-icon-with-text qodef-layout--before-content qodef--icon-pack \">\n\t<div class=\"qodef-m-icon-wrapper\" >\n\t\t<span class=\"qodef-shortcode qodef-m  qodef-icon-holder qodef-size--medium qodef-layout--normal\"  >\t\t\t<span class=\"qodef-icon-elegant-icons icon_mail qodef-icon qodef-e\" style=\"\" ><\/span>\t<\/span>\t<\/div>\n\t<div class=\"qodef-m-content\">\n\t\t\t<h3 class=\"qodef-m-title\" >\n\t\t\t\t\t<span class=\"qodef-m-title-text\">Mail<\/span>\n\t\t\t<\/h3>\n\t\t\t<p class=\"qodef-m-text\" >export@cihanpandoor.com<\/p>\n\t<\/div>\n<\/div>\n[vc_empty_space height=&#8221;10px&#8221;][\/vc_column_inner][\/vc_row_inner][vc_empty_space height=&#8221;60px&#8221;][\/vc_column][\/vc_row][vc_row][vc_column][vc_gmaps link=&#8221;#E-8_JTNDaWZyYW1lJTIwc3JjJTNEJTIyaHR0cHMlM0ElMkYlMkZ3d3cuZ29vZ2xlLmNvbSUyRm1hcHMlMkZlbWJlZCUzRnBiJTNEJTIxMW0xNCUyMTFtOCUyMTFtMyUyMTFkMzE2MzQuMjU4NjE4NTA3MTglMjEyZDM1LjM2MTA5NDczMjMzNTk5JTIxM2QzOC43MTIzNDI0Nzc2ODkyJTIxM20yJTIxMWkxMDI0JTIxMmk3NjglMjE0ZjEzLjElMjEzbTMlMjExbTIlMjExczB4MTUyYjA1YTRkOTAxYzU3YiUyNTNBMHg3NjM1OWJiY2ZmNDliYjBiJTIxMnNDaWhhbnBhbiUyMTVlMCUyMTNtMiUyMTFzdHIlMjEyc3RyJTIxNHYxNjc4NzA1MzM3MDg5JTIxNW0yJTIxMXN0ciUyMTJzdHIlMjIlMjB3aWR0aCUzRCUyMjYwMCUyMiUyMGhlaWdodCUzRCUyMjQ1MCUyMiUyMGZyYW1lYm9yZGVyJTNEJTIyMCUyMiUyMHN0eWxlJTNEJTIyYm9yZGVyJTNBMCUyMiUyMGFsbG93ZnVsbHNjcmVlbiUzRSUzQyUyRmlmcmFtZSUzRQ==&#8221;][vc_empty_space height=&#8221;60px&#8221;][\/vc_column][\/vc_row][vc_row full_width=&#8221;stretch_row_content&#8221; gap=&#8221;35&#8243; css=&#8221;.vc_custom_1678708479711{padding-right: 5% !important;padding-left: 5% !important;}&#8221;][vc_column][vc_column_text]<\/p>\n<h3 class=\"vc_custom_heading\" style=\"text-align: center;\">Bizimle \u0130leti\u015fime Ge\u00e7in<\/h3>\n<p class=\"vc_custom_heading no-letter-spacing\" style=\"text-align: center;\">T\u00fcm soru, g\u00f6r\u00fc\u015f ve \u00f6nerileriniz i\u00e7in bize ula\u015fman\u0131zdan memnuniyet duyaca\u011f\u0131z.<\/p>\n<p>[\/vc_column_text][vc_empty_space height=&#8221;20px&#8221;]\n<div class=\"wpcf7 no-js\" id=\"wpcf7-f13707-o1\" lang=\"en-US\" dir=\"ltr\" data-wpcf7-id=\"13707\">\n<div class=\"screen-reader-response\"><p role=\"status\" aria-live=\"polite\" aria-atomic=\"true\"><\/p> <ul><\/ul><\/div>\n<form action=\"\/tr\/wp-json\/wp\/v2\/pages\/13867#wpcf7-f13707-o1\" method=\"post\" class=\"wpcf7-form init\" aria-label=\"Contact form\" novalidate=\"novalidate\" data-status=\"init\">\n<fieldset class=\"hidden-fields-container\"><input type=\"hidden\" name=\"_wpcf7\" value=\"13707\" \/><input type=\"hidden\" name=\"_wpcf7_version\" value=\"6.1.5\" \/><input type=\"hidden\" name=\"_wpcf7_locale\" value=\"en_US\" \/><input type=\"hidden\" name=\"_wpcf7_unit_tag\" value=\"wpcf7-f13707-o1\" \/><input type=\"hidden\" name=\"_wpcf7_container_post\" value=\"0\" \/><input type=\"hidden\" name=\"_wpcf7_posted_data_hash\" value=\"\" \/>\n<\/fieldset>\n<div class=\"qodef-contact-form-style\"><div class=\"qodef-contact-form-grid-style\">\n<span class=\"wpcf7-form-control-wrap\" data-name=\"your-name\"><input size=\"40\" maxlength=\"400\" class=\"wpcf7-form-control wpcf7-text wpcf7-validates-as-required\" aria-required=\"true\" aria-invalid=\"false\" placeholder=\"Ad Soyad *\" value=\"\" type=\"text\" name=\"your-name\" \/><\/span>\n<span class=\"wpcf7-form-control-wrap\" data-name=\"your-email\"><input size=\"40\" maxlength=\"400\" class=\"wpcf7-form-control wpcf7-email wpcf7-validates-as-required wpcf7-text wpcf7-validates-as-email\" aria-required=\"true\" aria-invalid=\"false\" placeholder=\"E-posta *\" value=\"\" type=\"email\" name=\"your-email\" \/><\/span><\/div>\n<span class=\"wpcf7-form-control-wrap\" data-name=\"your-subject\"><input size=\"40\" maxlength=\"400\" class=\"wpcf7-form-control wpcf7-text wpcf7-validates-as-required\" aria-required=\"true\" aria-invalid=\"false\" placeholder=\"Konu *\" value=\"\" type=\"text\" name=\"your-subject\" \/><\/span>\n<span class=\"wpcf7-form-control-wrap\" data-name=\"your-message\"><textarea cols=\"40\" rows=\"6\" maxlength=\"2000\" class=\"wpcf7-form-control wpcf7-textarea wpcf7-validates-as-required\" aria-required=\"true\" aria-invalid=\"false\" placeholder=\"Mesaj *\" name=\"your-message\"><\/textarea><\/span> \n<button class=\"wpcf7-form-control wpcf7-submit qodef-button qodef-size--normal qodef-layout--filled qodef-m\" type=\"submit\"><span class=\"qodef-m-reveal\"><\/span><span class=\"qodef-m-text\">G\u00f6nder<\/span><\/button><\/div><p style=\"display: none !important;\" class=\"akismet-fields-container\" data-prefix=\"_wpcf7_ak_\"><label>&#916;<textarea name=\"_wpcf7_ak_hp_textarea\" cols=\"45\" rows=\"8\" maxlength=\"100\"><\/textarea><\/label><input type=\"hidden\" id=\"ak_js_1\" name=\"_wpcf7_ak_js\" value=\"119\"\/><script>document.getElementById( \"ak_js_1\" ).setAttribute( \"value\", ( new Date() ).getTime() );<\/script><\/p><div class=\"wpcf7-response-output\" aria-hidden=\"true\"><\/div>\n<\/form>\n<\/div>\n[vc_empty_space height=&#8221;20px&#8221;][\/vc_column][\/vc_row][vc_row][vc_column width=&#8221;1\/4&#8243;][vc_column_text][\/vc_column_text][\/vc_column][vc_column width=&#8221;1\/2&#8243;][vc_column_text]<\/p>\n<p data-pm-slice=\"1 1 []\">Cihanpan Door ile \u0130leti\u015fime Ge\u00e7in \u2013 G\u00fcvenilir T\u00fcrk \u0130\u00e7 Kap\u0131 \u00dcreticiniz<\/p>\n<p>Cihanpan Door olarak, T\u00fcrkiye&#8217;nin \u00f6nde gelen ah\u015fap kap\u0131 \u00fcreticilerinden biri olmaktan gurur duyuyoruz. Geni\u015f \u00fcr\u00fcn yelpazemiz, \u00e7e\u015fitli ihtiya\u00e7lara y\u00f6nelik y\u00fcksek kaliteli \u00e7\u00f6z\u00fcmler sunmaktad\u0131r. \u0130ster T\u00fcrk i\u00e7 kap\u0131lar\u0131, ister lake kap\u0131lar veya PVC kap\u0131lar ar\u0131yor olun, deneyimli ekibimiz projeniz i\u00e7in m\u00fckemmel \u00e7\u00f6z\u00fcmleri bulman\u0131za yard\u0131mc\u0131 olmaya haz\u0131r.<\/p>\n<h3>Neden Cihanpan Door&#8217;u Se\u00e7melisiniz?<\/h3>\n<p>Lider bir T\u00fcrk i\u00e7 kap\u0131 \u00fcreticisi olarak, mekanlar\u0131n\u0131z\u0131n g\u00fczelli\u011fini ve i\u015flevselli\u011fini art\u0131ran \u015f\u0131k, dayan\u0131kl\u0131 ve \u00e7ok y\u00f6nl\u00fc kap\u0131lar \u00fcretme konusunda uzman\u0131z. \u00dcr\u00fcn yelpazemiz, toptanc\u0131lar, distrib\u00fct\u00f6rler ve d\u00fcnya genelindeki b\u00fcy\u00fck \u00f6l\u00e7ekli projelere hitap eden \u00e7e\u015fitli i\u00e7 kap\u0131 t\u00fcrleri, panel kap\u0131lar ve i\u00e7 kap\u0131 modelleri i\u00e7ermektedir. Kaliteye ve m\u00fc\u015fteri memnuniyetine odaklanarak, \u00fcretti\u011fimiz her kap\u0131n\u0131n en y\u00fcksek m\u00fckemmeliyet standartlar\u0131n\u0131 kar\u015f\u0131lad\u0131\u011f\u0131ndan emin oluyoruz.<\/p>\n<p>Ayr\u0131ca, T\u00fcrkiye\u2019de rekabet\u00e7i T\u00fcrk kap\u0131 fiyatlar\u0131 sunarak, kaliteden \u00f6d\u00fcn vermeden ola\u011fan\u00fcst\u00fc bir de\u011fer sa\u011fl\u0131yoruz. &#8220;Yak\u0131n\u0131mdaki i\u00e7 kap\u0131 \u00fcreticileri&#8221;ni ar\u0131yorsan\u0131z veya T\u00fcrkiye\u2019de i\u00e7 ah\u015fap kap\u0131 \u00fcreticilerini ke\u015ffediyorsan\u0131z, Cihanpan Door size mutlulu\u011fa a\u00e7\u0131lan ve evinizi d\u0131\u015f d\u00fcnyaya ba\u011flayan \u00fcr\u00fcnler sunar.<\/p>\n<h3>Bize Nas\u0131l Ula\u015fabilirsiniz?<\/h3>\n<p>Kap\u0131 sat\u0131n alma veya \u00fcretim s\u00fcrecimizle ilgili sorular\u0131n\u0131z m\u0131 var? \u00d6zel ekibimiz size yard\u0131mc\u0131 olmaya haz\u0131r. \u0130ster lake kap\u0131lar, PVC kap\u0131lar hakk\u0131nda bilgi almak ister geni\u015f T\u00fcrk kap\u0131 yelpazemiz hakk\u0131nda detaylar \u00f6\u011frenmek isteyin, ihtiya\u00e7lar\u0131n\u0131za uygun \u00e7\u00f6z\u00fcmler sunmak i\u00e7in buraday\u0131z.<\/p>\n<h3>Teklif Al\u0131n<\/h3>\n<p>Kaliteli i\u00e7 kap\u0131larda en iyi f\u0131rsatlar\u0131 m\u0131 ar\u0131yorsunuz? Ki\u015fiselle\u015ftirilmi\u015f bir teklif istemek i\u00e7in bug\u00fcn bizimle ileti\u015fime ge\u00e7in. On y\u0131llarca s\u00fcren uzmanl\u0131k ve esnek \u00fcretim s\u00fcreci ile beklentilerinizi a\u015fan kap\u0131lar sunaca\u011f\u0131m\u0131zdan eminiz. Panel kap\u0131lar \u00fcretmekten \u00e7e\u015fitli i\u00e7 kap\u0131 modelleri sunmaya kadar, Cihanpan Door toptan kap\u0131 \u00e7\u00f6z\u00fcmlerinizde g\u00fcvenilir orta\u011f\u0131n\u0131zd\u0131r.<\/p>\n<h3>\u0130\u00e7 Kap\u0131 \u0130htiya\u00e7lar\u0131n\u0131z \u0130\u00e7in Cihanpan Door&#8217;u Se\u00e7in<\/h3>\n<p>Lider bir \u00fcretim \u015firketi olarak, mekanlar\u0131 d\u00f6n\u00fc\u015ft\u00fcren birinci s\u0131n\u0131f kaliteli i\u00e7 kap\u0131lar sunuyoruz. Kaliteyi, yenili\u011fi ve m\u00fc\u015fteri memnuniyetini \u00f6n planda tutan bir \u015firketle \u00e7al\u0131\u015fman\u0131n fark\u0131n\u0131 ya\u015fay\u0131n. F\u0131rsatlara a\u00e7\u0131lan ve kal\u0131c\u0131 izlenimler yaratan kap\u0131lar i\u00e7in neden tercih edildi\u011fimizi ke\u015ffedin.[\/vc_column_text][\/vc_column][vc_column width=&#8221;1\/4&#8243;][\/vc_column][\/vc_row]<\/p>\t\t\t\t\t\t\t\t<\/div>\n\t\t\t\t<\/div>\n\t\t\t\t\t<\/div>\n\t\t<\/div>\n\t\t\t\t\t<\/div>\n\t\t<\/section>\n\t\t\t\t<\/div>\n\t\t","protected":false},"excerpt":{"rendered":"<p>[vc_row full_width=&#8221;stretch_row_content&#8221; gap=&#8221;35&#8243; css=&#8221;.vc_custom_1678707900835{padding-left: 5% !important;}&#8221;][vc_column][vc_empty_space height=&#8221;20px&#8221;][vc_row_inner css=&#8221;.vc_custom_1681899600181{padding-right: 10% !important;padding-left: 10% !important;}&#8221;][vc_column_inner width=&#8221;1\/3&#8243;][vc_empty_space height=&#8221;10px&#8221;][\/vc_column_inner][vc_column_inner width=&#8221;1\/3&#8243;][vc_empty_space height=&#8221;10px&#8221;][\/vc_column_inner][vc_column_inner width=&#8221;1\/3&#8243;][vc_empty_space height=&#8221;10px&#8221;][\/vc_column_inner][\/vc_row_inner][vc_empty_space height=&#8221;60px&#8221;][\/vc_column][\/vc_row][vc_row][vc_column][vc_gmaps link=&#8221;#E-8_JTNDaWZyYW1lJTIwc3JjJTNEJTIyaHR0cHMlM0ElMkYlMkZ3d3cuZ29vZ2xlLmNvbSUyRm1hcHMlMkZlbWJlZCUzRnBiJTNEJTIxMW0xNCUyMTFtOCUyMTFtMyUyMTFkMzE2MzQuMjU4NjE4NTA3MTglMjEyZDM1LjM2MTA5NDczMjMzNTk5JTIxM2QzOC43MTIzNDI0Nzc2ODkyJTIxM20yJTIxMWkxMDI0JTIxMmk3NjglMjE0ZjEzLjElMjEzbTMlMjExbTIlMjExczB4MTUyYjA1YTRkOTAxYzU3YiUyNTNBMHg3NjM1OWJiY2ZmNDliYjBiJTIxMnNDaWhhbnBhbiUyMTVlMCUyMTNtMiUyMTFzdHIlMjEyc3RyJTIxNHYxNjc4NzA1MzM3MDg5JTIxNW0yJTIxMXN0ciUyMTJzdHIlMjIlMjB3aWR0aCUzRCUyMjYwMCUyMiUyMGhlaWdodCUzRCUyMjQ1MCUyMiUyMGZyYW1lYm9yZGVyJTNEJTIyMCUyMiUyMHN0eWxlJTNEJTIyYm9yZGVyJTNBMCUyMiUyMGFsbG93ZnVsbHNjcmVlbiUzRSUzQyUyRmlmcmFtZSUzRQ==&#8221;][vc_empty_space height=&#8221;60px&#8221;][\/vc_column][\/vc_row][vc_row full_width=&#8221;stretch_row_content&#8221; gap=&#8221;35&#8243; css=&#8221;.vc_custom_1678708479711{padding-right: 5% !important;padding-left: 5% !important;}&#8221;][vc_column][vc_column_text] Bizimle \u0130leti\u015fime Ge\u00e7in T\u00fcm soru, g\u00f6r\u00fc\u015f ve \u00f6nerileriniz i\u00e7in bize ula\u015fman\u0131zdan memnuniyet duyaca\u011f\u0131z. [\/vc_column_text][vc_empty_space height=&#8221;20px&#8221;][vc_empty_space height=&#8221;20px&#8221;][\/vc_column][\/vc_row][vc_row][vc_column width=&#8221;1\/4&#8243;][vc_column_text][\/vc_column_text][\/vc_column][vc_column width=&#8221;1\/2&#8243;][vc_column_text] Cihanpan Door ile \u0130leti\u015fime Ge\u00e7in \u2013 G\u00fcvenilir T\u00fcrk \u0130\u00e7 [&hellip;]<\/p>\n","protected":false},"author":1,"featured_media":0,"parent":0,"menu_order":0,"comment_status":"closed","ping_status":"closed","template":"page-full-width.php","meta":{"footnotes":""},"class_list":["post-13867","page","type-page","status-publish","hentry"],"yoast_head":"<!-- This site is optimized with the Yoast SEO plugin v27.4 - https:\/\/yoast.com\/product\/yoast-seo-wordpress\/ -->\n<title>Contact Cihanpan Door\u2013 Leading Wooden Door Manufacturer<\/title>\n<meta name=\"description\" content=\"Reach out to Cihanpan Door, one of the best wooden door manufacturer in Turkey. We offer high-quality Turkish internal doors for wholesale.\" \/>\n<meta name=\"robots\" content=\"index, follow, max-snippet:-1, max-image-preview:large, max-video-preview:-1\" \/>\n<link rel=\"canonical\" href=\"https:\/\/www.cihanpandoor.com\/contact-wooden-door-manufacturers-in-turkey\/\" \/>\n<meta property=\"og:locale\" content=\"tr_TR\" \/>\n<meta property=\"og:type\" content=\"article\" \/>\n<meta property=\"og:title\" content=\"Contact Cihanpan Door\u2013 Leading Wooden Door Manufacturer\" \/>\n<meta property=\"og:description\" content=\"Reach out to Cihanpan Door, one of the best wooden door manufacturer in Turkey. We offer high-quality Turkish internal doors for wholesale.\" \/>\n<meta property=\"og:url\" content=\"https:\/\/www.cihanpandoor.com\/contact-wooden-door-manufacturers-in-turkey\/\" \/>\n<meta property=\"og:site_name\" content=\"CihanpanDoor\" \/>\n<meta property=\"article:publisher\" content=\"https:\/\/www.facebook.com\/profile.php?id=61568102666880\" \/>\n<meta property=\"article:modified_time\" content=\"2026-03-21T22:13:05+00:00\" \/>\n<meta property=\"og:image\" content=\"https:\/\/www.cihanpandoor.com\/wp-content\/uploads\/2024\/12\/Screenshot_78.png\" \/>\n\t<meta property=\"og:image:width\" content=\"938\" \/>\n\t<meta property=\"og:image:height\" content=\"321\" \/>\n\t<meta property=\"og:image:type\" content=\"image\/png\" \/>\n<meta name=\"twitter:card\" content=\"summary_large_image\" \/>\n<meta name=\"twitter:label1\" content=\"Tahmini okuma s\u00fcresi\" \/>\n\t<meta name=\"twitter:data1\" content=\"8 dakika\" \/>\n<script type=\"application\/ld+json\" class=\"yoast-schema-graph\">{\"@context\":\"https:\\\/\\\/schema.org\",\"@graph\":[{\"@type\":[\"WebPage\",\"ContactPage\"],\"@id\":\"https:\\\/\\\/www.cihanpandoor.com\\\/contact-wooden-door-manufacturers-in-turkey\\\/\",\"url\":\"https:\\\/\\\/www.cihanpandoor.com\\\/contact-wooden-door-manufacturers-in-turkey\\\/\",\"name\":\"Contact Cihanpan Door\u2013 Leading Wooden Door Manufacturer\",\"isPartOf\":{\"@id\":\"https:\\\/\\\/www.cihanpandoor.com\\\/#website\"},\"datePublished\":\"2023-03-13T11:11:33+00:00\",\"dateModified\":\"2026-03-21T22:13:05+00:00\",\"description\":\"Reach out to Cihanpan Door, one of the best wooden door manufacturer in Turkey. We offer high-quality Turkish internal doors for wholesale.\",\"breadcrumb\":{\"@id\":\"https:\\\/\\\/www.cihanpandoor.com\\\/contact-wooden-door-manufacturers-in-turkey\\\/#breadcrumb\"},\"inLanguage\":\"tr\",\"potentialAction\":[{\"@type\":\"ReadAction\",\"target\":[\"https:\\\/\\\/www.cihanpandoor.com\\\/contact-wooden-door-manufacturers-in-turkey\\\/\"]}]},{\"@type\":\"BreadcrumbList\",\"@id\":\"https:\\\/\\\/www.cihanpandoor.com\\\/contact-wooden-door-manufacturers-in-turkey\\\/#breadcrumb\",\"itemListElement\":[{\"@type\":\"ListItem\",\"position\":1,\"name\":\"Anasayfa\",\"item\":\"https:\\\/\\\/www.cihanpandoor.com\\\/\"},{\"@type\":\"ListItem\",\"position\":2,\"name\":\"[:tr]\u0130leti\u015fim[:en]contact-wooden-door-manufacturers-in-turkey[:ar]\u0627\u062a\u0635\u0644 \u0628\u0646\u0627[:]\"}]},{\"@type\":\"WebSite\",\"@id\":\"https:\\\/\\\/www.cihanpandoor.com\\\/#website\",\"url\":\"https:\\\/\\\/www.cihanpandoor.com\\\/\",\"name\":\"CihanpanDoor\",\"description\":\"\",\"publisher\":{\"@id\":\"https:\\\/\\\/www.cihanpandoor.com\\\/#organization\"},\"potentialAction\":[{\"@type\":\"SearchAction\",\"target\":{\"@type\":\"EntryPoint\",\"urlTemplate\":\"https:\\\/\\\/www.cihanpandoor.com\\\/?s={search_term_string}\"},\"query-input\":{\"@type\":\"PropertyValueSpecification\",\"valueRequired\":true,\"valueName\":\"search_term_string\"}}],\"inLanguage\":\"tr\"},{\"@type\":\"Organization\",\"@id\":\"https:\\\/\\\/www.cihanpandoor.com\\\/#organization\",\"name\":\"CihanPan Door\",\"alternateName\":\"Cihanpandoor\",\"url\":\"https:\\\/\\\/www.cihanpandoor.com\\\/\",\"logo\":{\"@type\":\"ImageObject\",\"inLanguage\":\"tr\",\"@id\":\"https:\\\/\\\/www.cihanpandoor.com\\\/#\\\/schema\\\/logo\\\/image\\\/\",\"url\":\"https:\\\/\\\/www.cihanpandoor.com\\\/wp-content\\\/uploads\\\/2023\\\/02\\\/Cihanpandoor-Logo.png\",\"contentUrl\":\"https:\\\/\\\/www.cihanpandoor.com\\\/wp-content\\\/uploads\\\/2023\\\/02\\\/Cihanpandoor-Logo.png\",\"width\":350,\"height\":138,\"caption\":\"CihanPan Door\"},\"image\":{\"@id\":\"https:\\\/\\\/www.cihanpandoor.com\\\/#\\\/schema\\\/logo\\\/image\\\/\"},\"sameAs\":[\"https:\\\/\\\/www.facebook.com\\\/profile.php?id=61568102666880\",\"https:\\\/\\\/www.instagram.com\\\/cihanpan_door\\\/\"]}]}<\/script>\n<!-- \/ Yoast SEO plugin. -->","yoast_head_json":{"title":"Contact Cihanpan Door\u2013 Leading Wooden Door Manufacturer","description":"Reach out to Cihanpan Door, one of the best wooden door manufacturer in Turkey. We offer high-quality Turkish internal doors for wholesale.","robots":{"index":"index","follow":"follow","max-snippet":"max-snippet:-1","max-image-preview":"max-image-preview:large","max-video-preview":"max-video-preview:-1"},"canonical":"https:\/\/www.cihanpandoor.com\/contact-wooden-door-manufacturers-in-turkey\/","og_locale":"tr_TR","og_type":"article","og_title":"Contact Cihanpan Door\u2013 Leading Wooden Door Manufacturer","og_description":"Reach out to Cihanpan Door, one of the best wooden door manufacturer in Turkey. We offer high-quality Turkish internal doors for wholesale.","og_url":"https:\/\/www.cihanpandoor.com\/contact-wooden-door-manufacturers-in-turkey\/","og_site_name":"CihanpanDoor","article_publisher":"https:\/\/www.facebook.com\/profile.php?id=61568102666880","article_modified_time":"2026-03-21T22:13:05+00:00","og_image":[{"width":938,"height":321,"url":"https:\/\/www.cihanpandoor.com\/wp-content\/uploads\/2024\/12\/Screenshot_78.png","type":"image\/png"}],"twitter_card":"summary_large_image","twitter_misc":{"Tahmini okuma s\u00fcresi":"8 dakika"},"schema":{"@context":"https:\/\/schema.org","@graph":[{"@type":["WebPage","ContactPage"],"@id":"https:\/\/www.cihanpandoor.com\/contact-wooden-door-manufacturers-in-turkey\/","url":"https:\/\/www.cihanpandoor.com\/contact-wooden-door-manufacturers-in-turkey\/","name":"Contact Cihanpan Door\u2013 Leading Wooden Door Manufacturer","isPartOf":{"@id":"https:\/\/www.cihanpandoor.com\/#website"},"datePublished":"2023-03-13T11:11:33+00:00","dateModified":"2026-03-21T22:13:05+00:00","description":"Reach out to Cihanpan Door, one of the best wooden door manufacturer in Turkey. We offer high-quality Turkish internal doors for wholesale.","breadcrumb":{"@id":"https:\/\/www.cihanpandoor.com\/contact-wooden-door-manufacturers-in-turkey\/#breadcrumb"},"inLanguage":"tr","potentialAction":[{"@type":"ReadAction","target":["https:\/\/www.cihanpandoor.com\/contact-wooden-door-manufacturers-in-turkey\/"]}]},{"@type":"BreadcrumbList","@id":"https:\/\/www.cihanpandoor.com\/contact-wooden-door-manufacturers-in-turkey\/#breadcrumb","itemListElement":[{"@type":"ListItem","position":1,"name":"Anasayfa","item":"https:\/\/www.cihanpandoor.com\/"},{"@type":"ListItem","position":2,"name":"[:tr]\u0130leti\u015fim[:en]contact-wooden-door-manufacturers-in-turkey[:ar]\u0627\u062a\u0635\u0644 \u0628\u0646\u0627[:]"}]},{"@type":"WebSite","@id":"https:\/\/www.cihanpandoor.com\/#website","url":"https:\/\/www.cihanpandoor.com\/","name":"CihanpanDoor","description":"","publisher":{"@id":"https:\/\/www.cihanpandoor.com\/#organization"},"potentialAction":[{"@type":"SearchAction","target":{"@type":"EntryPoint","urlTemplate":"https:\/\/www.cihanpandoor.com\/?s={search_term_string}"},"query-input":{"@type":"PropertyValueSpecification","valueRequired":true,"valueName":"search_term_string"}}],"inLanguage":"tr"},{"@type":"Organization","@id":"https:\/\/www.cihanpandoor.com\/#organization","name":"CihanPan Door","alternateName":"Cihanpandoor","url":"https:\/\/www.cihanpandoor.com\/","logo":{"@type":"ImageObject","inLanguage":"tr","@id":"https:\/\/www.cihanpandoor.com\/#\/schema\/logo\/image\/","url":"https:\/\/www.cihanpandoor.com\/wp-content\/uploads\/2023\/02\/Cihanpandoor-Logo.png","contentUrl":"https:\/\/www.cihanpandoor.com\/wp-content\/uploads\/2023\/02\/Cihanpandoor-Logo.png","width":350,"height":138,"caption":"CihanPan Door"},"image":{"@id":"https:\/\/www.cihanpandoor.com\/#\/schema\/logo\/image\/"},"sameAs":["https:\/\/www.facebook.com\/profile.php?id=61568102666880","https:\/\/www.instagram.com\/cihanpan_door\/"]}]}},"_links":{"self":[{"href":"https:\/\/www.cihanpandoor.com\/tr\/wp-json\/wp\/v2\/pages\/13867","targetHints":{"allow":["GET"]}}],"collection":[{"href":"https:\/\/www.cihanpandoor.com\/tr\/wp-json\/wp\/v2\/pages"}],"about":[{"href":"https:\/\/www.cihanpandoor.com\/tr\/wp-json\/wp\/v2\/types\/page"}],"author":[{"embeddable":true,"href":"https:\/\/www.cihanpandoor.com\/tr\/wp-json\/wp\/v2\/users\/1"}],"replies":[{"embeddable":true,"href":"https:\/\/www.cihanpandoor.com\/tr\/wp-json\/wp\/v2\/comments?post=13867"}],"version-history":[{"count":3,"href":"https:\/\/www.cihanpandoor.com\/tr\/wp-json\/wp\/v2\/pages\/13867\/revisions"}],"predecessor-version":[{"id":15528,"href":"https:\/\/www.cihanpandoor.com\/tr\/wp-json\/wp\/v2\/pages\/13867\/revisions\/15528"}],"wp:attachment":[{"href":"https:\/\/www.cihanpandoor.com\/tr\/wp-json\/wp\/v2\/media?parent=13867"}],"curies":[{"name":"wp","href":"https:\/\/api.w.org\/{rel}","templated":true}]}}