{"id":14511,"date":"2023-04-10T13:58:21","date_gmt":"2023-04-10T10:58:21","guid":{"rendered":"https:\/\/www.cihanpandoor.com\/?page_id=14511"},"modified":"2025-02-28T14:56:15","modified_gmt":"2025-02-28T11:56:15","slug":"elitpan-interior-door-manufacturer","status":"publish","type":"page","link":"https:\/\/www.cihanpandoor.com\/tr\/elitpan-interior-door-manufacturer\/","title":{"rendered":"Elitpan Serisi"},"content":{"rendered":"<p>[vc_row][vc_column width=&#8221;1\/4&#8243;][\/vc_column][vc_column width=&#8221;1\/2&#8243;]<div class=\"qodef-shortcode qodef-m  qodef-section-title qodef-alignment--left   \"  >\n\t\t\t<h2 class=\"qodef-m-title\" >\n\t<span class=\"qodef-m-title-inner\" >\n\t\t\tElitpan Serisi\t\t<\/span>\n\t<\/h2>\n\t\t<\/div>\n[vc_empty_space height=&#8221;10px&#8221;][vc_column_text]<strong>Elitpan Serisini Ke\u015ffedin \u2013 Premium \u0130\u00e7 Kap\u0131lar<\/strong><\/p>\n<p>Elitpan Serisi, modern ya\u015fam alanlar\u0131 i\u00e7in tasarlanm\u0131\u015f, \u015f\u0131kl\u0131k ve fonksiyonelli\u011fi bir arada sunan bir i\u00e7 kap\u0131 koleksiyonudur. Bu <em>ah\u015fap kap\u0131lar<\/em>, yenilik\u00e7i tasar\u0131mlar\u0131yla ola\u011fan\u00fcst\u00fc dayan\u0131kl\u0131l\u0131\u011f\u0131 birle\u015ftirerek, hem konut hem de ticari i\u00e7 mekanlar i\u00e7in m\u00fckemmel bir tercih sunar.<\/p>\n<p>Elitpan Serisi&#8217;ndeki <em>i\u00e7 kap\u0131lar<\/em>, herhangi bir dekor tarz\u0131na sorunsuz bir \u015fekilde uyum sa\u011flayacak \u015fekilde hassasiyetle \u00fcretilmi\u015ftir. <em>Toptan ah\u015fap kap\u0131lar<\/em> konusunda lider olarak, her \u00fcr\u00fcnde kalite ve tasar\u0131m\u0131 \u00f6n planda tutuyoruz.<\/p>\n<p>Zarafetin, dayan\u0131kl\u0131l\u0131\u011f\u0131n ve zamans\u0131z \u00e7ekicili\u011fin m\u00fckemmel uyumunu ke\u015ffetmek i\u00e7in Elitpan Serisini inceleyin. \u015e\u0131k ve fonksiyonel <em>i\u00e7 kap\u0131lar<\/em> arayanlar i\u00e7in ideal bir se\u00e7im.[\/vc_column_text][vc_empty_space height=&#8221;10px&#8221;]<a class=\"qodef-shortcode qodef-m form qodef-button qodef-layout--filled qodef-size--large qodef-html--link\" href=\"https:\/\/www.cihanpandoor.com\/teklif-al\" target=\"_self\"  >\n\t<span class=\"qodef-m-text\">Teklif Al<\/span>\n<\/a>\n[vc_empty_space height=&#8221;30px&#8221;][\/vc_column][vc_column width=&#8221;1\/4&#8243;][\/vc_column][\/vc_row][vc_row][vc_column width=&#8221;1\/3&#8243;][vc_single_image image=&#8221;14512&#8243; img_size=&#8221;full&#8221; alignment=&#8221;center&#8221;]<div class=\"qodef-shortcode qodef-m  qodef-section-title qodef-alignment--center   \"  >\n\t\t\t<h2 class=\"qodef-m-title\" >\n\t<span class=\"qodef-m-title-inner\" >\n\t\t\t301\t\t<\/span>\n\t<\/h2>\n\t\t<\/div>\n[vc_separator color=&#8221;black&#8221; el_width=&#8221;20&#8243;][vc_empty_space height=&#8221;10px&#8221;][\/vc_column][vc_column width=&#8221;1\/3&#8243;][vc_single_image image=&#8221;14537&#8243; img_size=&#8221;full&#8221; alignment=&#8221;center&#8221;]<div class=\"qodef-shortcode qodef-m  qodef-section-title qodef-alignment--center   \"  >\n\t\t\t<h2 class=\"qodef-m-title\" >\n\t<span class=\"qodef-m-title-inner\" >\n\t\t\t302\t\t<\/span>\n\t<\/h2>\n\t\t<\/div>\n[vc_separator color=&#8221;black&#8221; el_width=&#8221;20&#8243;][vc_empty_space height=&#8221;10px&#8221;][\/vc_column][vc_column width=&#8221;1\/3&#8243;][vc_single_image image=&#8221;14514&#8243; img_size=&#8221;full&#8221; alignment=&#8221;center&#8221;]<div class=\"qodef-shortcode qodef-m  qodef-section-title qodef-alignment--center   \"  >\n\t\t\t<h2 class=\"qodef-m-title\" >\n\t<span class=\"qodef-m-title-inner\" >\n\t\t\t303\t\t<\/span>\n\t<\/h2>\n\t\t<\/div>\n[vc_separator color=&#8221;black&#8221; el_width=&#8221;20&#8243;][vc_empty_space height=&#8221;10px&#8221;][\/vc_column][\/vc_row][vc_row][vc_column width=&#8221;1\/3&#8243;][vc_single_image image=&#8221;14513&#8243; img_size=&#8221;full&#8221; alignment=&#8221;center&#8221;]<div class=\"qodef-shortcode qodef-m  qodef-section-title qodef-alignment--center   \"  >\n\t\t\t<h2 class=\"qodef-m-title\" >\n\t<span class=\"qodef-m-title-inner\" >\n\t\t\t304\t\t<\/span>\n\t<\/h2>\n\t\t<\/div>\n[vc_separator color=&#8221;black&#8221; el_width=&#8221;20&#8243;][vc_empty_space height=&#8221;10px&#8221;][\/vc_column][vc_column width=&#8221;1\/3&#8243;][vc_single_image image=&#8221;14516&#8243; img_size=&#8221;full&#8221; alignment=&#8221;center&#8221;]<div class=\"qodef-shortcode qodef-m  qodef-section-title qodef-alignment--center   \"  >\n\t\t\t<h2 class=\"qodef-m-title\" >\n\t<span class=\"qodef-m-title-inner\" >\n\t\t\t305\t\t<\/span>\n\t<\/h2>\n\t\t<\/div>\n[vc_separator color=&#8221;black&#8221; el_width=&#8221;20&#8243;][vc_empty_space height=&#8221;10px&#8221;][\/vc_column][vc_column width=&#8221;1\/3&#8243;][vc_single_image image=&#8221;14515&#8243; img_size=&#8221;full&#8221; alignment=&#8221;center&#8221;]<div class=\"qodef-shortcode qodef-m  qodef-section-title qodef-alignment--center   \"  >\n\t\t\t<h2 class=\"qodef-m-title\" >\n\t<span class=\"qodef-m-title-inner\" >\n\t\t\t306\t\t<\/span>\n\t<\/h2>\n\t\t<\/div>\n[vc_separator color=&#8221;black&#8221; el_width=&#8221;20&#8243;][vc_empty_space height=&#8221;10px&#8221;][\/vc_column][\/vc_row][vc_row][vc_column width=&#8221;1\/3&#8243;][vc_single_image image=&#8221;14518&#8243; img_size=&#8221;full&#8221; alignment=&#8221;center&#8221;]<div class=\"qodef-shortcode qodef-m  qodef-section-title qodef-alignment--center   \"  >\n\t\t\t<h2 class=\"qodef-m-title\" >\n\t<span class=\"qodef-m-title-inner\" >\n\t\t\t307\t\t<\/span>\n\t<\/h2>\n\t\t<\/div>\n[vc_separator color=&#8221;black&#8221; el_width=&#8221;20&#8243;][vc_empty_space height=&#8221;10px&#8221;][\/vc_column][vc_column width=&#8221;1\/3&#8243;][vc_single_image image=&#8221;14517&#8243; img_size=&#8221;full&#8221; alignment=&#8221;center&#8221;]<div class=\"qodef-shortcode qodef-m  qodef-section-title qodef-alignment--center   \"  >\n\t\t\t<h2 class=\"qodef-m-title\" >\n\t<span class=\"qodef-m-title-inner\" >\n\t\t\t308\t\t<\/span>\n\t<\/h2>\n\t\t<\/div>\n[vc_separator color=&#8221;black&#8221; el_width=&#8221;20&#8243;][vc_empty_space height=&#8221;10px&#8221;][\/vc_column][vc_column width=&#8221;1\/3&#8243;][vc_single_image image=&#8221;14520&#8243; img_size=&#8221;full&#8221; alignment=&#8221;center&#8221;]<div class=\"qodef-shortcode qodef-m  qodef-section-title qodef-alignment--center   \"  >\n\t\t\t<h2 class=\"qodef-m-title\" >\n\t<span class=\"qodef-m-title-inner\" >\n\t\t\t309\t\t<\/span>\n\t<\/h2>\n\t\t<\/div>\n[vc_separator color=&#8221;black&#8221; el_width=&#8221;20&#8243;][vc_empty_space height=&#8221;10px&#8221;][\/vc_column][\/vc_row][vc_row][vc_column width=&#8221;1\/3&#8243;][vc_single_image image=&#8221;14519&#8243; img_size=&#8221;full&#8221; alignment=&#8221;center&#8221;]<div class=\"qodef-shortcode qodef-m  qodef-section-title qodef-alignment--center   \"  >\n\t\t\t<h2 class=\"qodef-m-title\" >\n\t<span class=\"qodef-m-title-inner\" >\n\t\t\t310\t\t<\/span>\n\t<\/h2>\n\t\t<\/div>\n[vc_separator color=&#8221;black&#8221; el_width=&#8221;20&#8243;][vc_empty_space height=&#8221;10px&#8221;][\/vc_column][vc_column width=&#8221;1\/3&#8243;][vc_single_image image=&#8221;14522&#8243; img_size=&#8221;full&#8221; alignment=&#8221;center&#8221;]<div class=\"qodef-shortcode qodef-m  qodef-section-title qodef-alignment--center   \"  >\n\t\t\t<h2 class=\"qodef-m-title\" >\n\t<span class=\"qodef-m-title-inner\" >\n\t\t\t311\t\t<\/span>\n\t<\/h2>\n\t\t<\/div>\n[vc_separator color=&#8221;black&#8221; el_width=&#8221;20&#8243;][vc_empty_space height=&#8221;10px&#8221;][\/vc_column][vc_column width=&#8221;1\/3&#8243;][vc_single_image image=&#8221;14521&#8243; img_size=&#8221;full&#8221; alignment=&#8221;center&#8221;]<div class=\"qodef-shortcode qodef-m  qodef-section-title qodef-alignment--center   \"  >\n\t\t\t<h2 class=\"qodef-m-title\" >\n\t<span class=\"qodef-m-title-inner\" >\n\t\t\t312\t\t<\/span>\n\t<\/h2>\n\t\t<\/div>\n[vc_separator color=&#8221;black&#8221; el_width=&#8221;20&#8243;][vc_empty_space height=&#8221;10px&#8221;][\/vc_column][\/vc_row][vc_row][vc_column width=&#8221;1\/3&#8243;][vc_single_image image=&#8221;14524&#8243; img_size=&#8221;full&#8221; alignment=&#8221;center&#8221;]<div class=\"qodef-shortcode qodef-m  qodef-section-title qodef-alignment--center   \"  >\n\t\t\t<h2 class=\"qodef-m-title\" >\n\t<span class=\"qodef-m-title-inner\" >\n\t\t\t313\t\t<\/span>\n\t<\/h2>\n\t\t<\/div>\n[vc_separator color=&#8221;black&#8221; el_width=&#8221;20&#8243;][vc_empty_space height=&#8221;10px&#8221;][\/vc_column][vc_column width=&#8221;1\/3&#8243;][vc_single_image image=&#8221;14523&#8243; img_size=&#8221;full&#8221; alignment=&#8221;center&#8221;]<div class=\"qodef-shortcode qodef-m  qodef-section-title qodef-alignment--center   \"  >\n\t\t\t<h2 class=\"qodef-m-title\" >\n\t<span class=\"qodef-m-title-inner\" >\n\t\t\t314\t\t<\/span>\n\t<\/h2>\n\t\t<\/div>\n[vc_separator color=&#8221;black&#8221; el_width=&#8221;20&#8243;][vc_empty_space height=&#8221;10px&#8221;][\/vc_column][vc_column width=&#8221;1\/3&#8243;][vc_single_image image=&#8221;14526&#8243; img_size=&#8221;full&#8221; alignment=&#8221;center&#8221;]<div class=\"qodef-shortcode qodef-m  qodef-section-title qodef-alignment--center   \"  >\n\t\t\t<h2 class=\"qodef-m-title\" >\n\t<span class=\"qodef-m-title-inner\" >\n\t\t\t315\t\t<\/span>\n\t<\/h2>\n\t\t<\/div>\n[vc_separator color=&#8221;black&#8221; el_width=&#8221;20&#8243;][vc_empty_space height=&#8221;10px&#8221;][\/vc_column][\/vc_row][vc_row][vc_column width=&#8221;1\/3&#8243;][vc_single_image image=&#8221;14525&#8243; img_size=&#8221;full&#8221; alignment=&#8221;center&#8221;]<div class=\"qodef-shortcode qodef-m  qodef-section-title qodef-alignment--center   \"  >\n\t\t\t<h2 class=\"qodef-m-title\" >\n\t<span class=\"qodef-m-title-inner\" >\n\t\t\t316\t\t<\/span>\n\t<\/h2>\n\t\t<\/div>\n[vc_separator color=&#8221;black&#8221; el_width=&#8221;20&#8243;][vc_empty_space height=&#8221;10px&#8221;][\/vc_column][vc_column width=&#8221;1\/3&#8243;][vc_single_image image=&#8221;14528&#8243; img_size=&#8221;full&#8221; alignment=&#8221;center&#8221;]<div class=\"qodef-shortcode qodef-m  qodef-section-title qodef-alignment--center   \"  >\n\t\t\t<h2 class=\"qodef-m-title\" >\n\t<span class=\"qodef-m-title-inner\" >\n\t\t\t317\t\t<\/span>\n\t<\/h2>\n\t\t<\/div>\n[vc_separator color=&#8221;black&#8221; el_width=&#8221;20&#8243;][vc_empty_space height=&#8221;10px&#8221;][\/vc_column][vc_column width=&#8221;1\/3&#8243;][vc_single_image image=&#8221;14527&#8243; img_size=&#8221;full&#8221; alignment=&#8221;center&#8221;]<div class=\"qodef-shortcode qodef-m  qodef-section-title qodef-alignment--center   \"  >\n\t\t\t<h2 class=\"qodef-m-title\" >\n\t<span class=\"qodef-m-title-inner\" >\n\t\t\t318\t\t<\/span>\n\t<\/h2>\n\t\t<\/div>\n[vc_separator color=&#8221;black&#8221; el_width=&#8221;20&#8243;][vc_empty_space height=&#8221;10px&#8221;][\/vc_column][\/vc_row][vc_row][vc_column width=&#8221;1\/3&#8243;][vc_single_image image=&#8221;14530&#8243; img_size=&#8221;full&#8221; alignment=&#8221;center&#8221;]<div class=\"qodef-shortcode qodef-m  qodef-section-title qodef-alignment--center   \"  >\n\t\t\t<h2 class=\"qodef-m-title\" >\n\t<span class=\"qodef-m-title-inner\" >\n\t\t\t319\t\t<\/span>\n\t<\/h2>\n\t\t<\/div>\n[vc_separator color=&#8221;black&#8221; el_width=&#8221;20&#8243;][vc_empty_space height=&#8221;10px&#8221;][\/vc_column][vc_column width=&#8221;1\/3&#8243;][vc_single_image image=&#8221;14529&#8243; img_size=&#8221;full&#8221; alignment=&#8221;center&#8221;]<div class=\"qodef-shortcode qodef-m  qodef-section-title qodef-alignment--center   \"  >\n\t\t\t<h2 class=\"qodef-m-title\" >\n\t<span class=\"qodef-m-title-inner\" >\n\t\t\t320\t\t<\/span>\n\t<\/h2>\n\t\t<\/div>\n[vc_separator color=&#8221;black&#8221; el_width=&#8221;20&#8243;][vc_empty_space height=&#8221;10px&#8221;][\/vc_column][vc_column width=&#8221;1\/3&#8243;][vc_single_image image=&#8221;14532&#8243; img_size=&#8221;full&#8221; alignment=&#8221;center&#8221;]<div class=\"qodef-shortcode qodef-m  qodef-section-title qodef-alignment--center   \"  >\n\t\t\t<h2 class=\"qodef-m-title\" >\n\t<span class=\"qodef-m-title-inner\" >\n\t\t\t321\t\t<\/span>\n\t<\/h2>\n\t\t<\/div>\n[vc_separator color=&#8221;black&#8221; el_width=&#8221;20&#8243;][vc_empty_space height=&#8221;10px&#8221;][\/vc_column][\/vc_row][vc_row][vc_column width=&#8221;1\/3&#8243;][vc_single_image image=&#8221;14531&#8243; img_size=&#8221;full&#8221; alignment=&#8221;center&#8221;]<div class=\"qodef-shortcode qodef-m  qodef-section-title qodef-alignment--center   \"  >\n\t\t\t<h2 class=\"qodef-m-title\" >\n\t<span class=\"qodef-m-title-inner\" >\n\t\t\t322\t\t<\/span>\n\t<\/h2>\n\t\t<\/div>\n[vc_separator color=&#8221;black&#8221; el_width=&#8221;20&#8243;][vc_empty_space height=&#8221;10px&#8221;][\/vc_column][vc_column width=&#8221;1\/3&#8243;][vc_single_image image=&#8221;14534&#8243; img_size=&#8221;full&#8221; alignment=&#8221;center&#8221;]<div class=\"qodef-shortcode qodef-m  qodef-section-title qodef-alignment--center   \"  >\n\t\t\t<h2 class=\"qodef-m-title\" >\n\t<span class=\"qodef-m-title-inner\" >\n\t\t\t323\t\t<\/span>\n\t<\/h2>\n\t\t<\/div>\n[vc_separator color=&#8221;black&#8221; el_width=&#8221;20&#8243;][vc_empty_space height=&#8221;10px&#8221;][\/vc_column][vc_column width=&#8221;1\/3&#8243;][vc_single_image image=&#8221;14533&#8243; img_size=&#8221;full&#8221; alignment=&#8221;center&#8221;]<div class=\"qodef-shortcode qodef-m  qodef-section-title qodef-alignment--center   \"  >\n\t\t\t<h2 class=\"qodef-m-title\" >\n\t<span class=\"qodef-m-title-inner\" >\n\t\t\t324\t\t<\/span>\n\t<\/h2>\n\t\t<\/div>\n[vc_separator color=&#8221;black&#8221; el_width=&#8221;20&#8243;][vc_empty_space height=&#8221;10px&#8221;][\/vc_column][\/vc_row][vc_row][vc_column width=&#8221;1\/3&#8243;][vc_single_image image=&#8221;14535&#8243; img_size=&#8221;full&#8221; alignment=&#8221;center&#8221;]<div class=\"qodef-shortcode qodef-m  qodef-section-title qodef-alignment--center   \"  >\n\t\t\t<h2 class=\"qodef-m-title\" >\n\t<span class=\"qodef-m-title-inner\" >\n\t\t\t325\t\t<\/span>\n\t<\/h2>\n\t\t<\/div>\n[vc_separator color=&#8221;black&#8221; el_width=&#8221;20&#8243;][vc_empty_space height=&#8221;10px&#8221;][\/vc_column][vc_column width=&#8221;1\/3&#8243;][vc_single_image image=&#8221;14536&#8243; img_size=&#8221;full&#8221; alignment=&#8221;center&#8221;]<div class=\"qodef-shortcode qodef-m  qodef-section-title qodef-alignment--center   \"  >\n\t\t\t<h2 class=\"qodef-m-title\" >\n\t<span class=\"qodef-m-title-inner\" >\n\t\t\t326\t\t<\/span>\n\t<\/h2>\n\t\t<\/div>\n[vc_separator color=&#8221;black&#8221; el_width=&#8221;20&#8243;][vc_empty_space height=&#8221;10px&#8221;][\/vc_column][vc_column width=&#8221;1\/3&#8243;][vc_empty_space height=&#8221;10px&#8221;][\/vc_column][\/vc_row]<\/p>","protected":false},"excerpt":{"rendered":"<p>[vc_row][vc_column width=&#8221;1\/4&#8243;][\/vc_column][vc_column width=&#8221;1\/2&#8243;][vc_empty_space height=&#8221;10px&#8221;][vc_column_text]Elitpan Serisini Ke\u015ffedin \u2013 Premium \u0130\u00e7 Kap\u0131lar Elitpan Serisi, modern ya\u015fam alanlar\u0131 i\u00e7in tasarlanm\u0131\u015f, \u015f\u0131kl\u0131k ve fonksiyonelli\u011fi bir arada sunan bir i\u00e7 kap\u0131 koleksiyonudur. Bu ah\u015fap kap\u0131lar, yenilik\u00e7i tasar\u0131mlar\u0131yla ola\u011fan\u00fcst\u00fc dayan\u0131kl\u0131l\u0131\u011f\u0131 birle\u015ftirerek, hem konut hem de ticari i\u00e7 mekanlar i\u00e7in m\u00fckemmel bir tercih sunar. Elitpan Serisi&#8217;ndeki i\u00e7 kap\u0131lar, herhangi bir dekor tarz\u0131na [&hellip;]<\/p>\n","protected":false},"author":1,"featured_media":0,"parent":0,"menu_order":0,"comment_status":"closed","ping_status":"closed","template":"page-full-width.php","meta":{"footnotes":""},"class_list":["post-14511","page","type-page","status-publish","hentry"],"yoast_head":"<!-- This site is optimized with the Yoast SEO plugin v27.4 - https:\/\/yoast.com\/product\/yoast-seo-wordpress\/ -->\n<title>Elitpan Interior Door Manufacturer<\/title>\n<meta name=\"description\" content=\"Buy Elitpan doors from trusted Turkish manufacturers. High-quality and customizable options available for wholesale and export.\" \/>\n<meta name=\"robots\" content=\"index, follow, max-snippet:-1, max-image-preview:large, max-video-preview:-1\" \/>\n<link rel=\"canonical\" href=\"https:\/\/www.cihanpandoor.com\/elitpan-interior-door-manufacturer\/\" \/>\n<meta property=\"og:locale\" content=\"tr_TR\" \/>\n<meta property=\"og:type\" content=\"article\" \/>\n<meta property=\"og:title\" content=\"Elitpan Interior Door Manufacturer\" \/>\n<meta property=\"og:description\" content=\"Buy Elitpan doors from trusted Turkish manufacturers. High-quality and customizable options available for wholesale and export.\" \/>\n<meta property=\"og:url\" content=\"https:\/\/www.cihanpandoor.com\/elitpan-interior-door-manufacturer\/\" \/>\n<meta property=\"og:site_name\" content=\"CihanpanDoor\" \/>\n<meta property=\"article:publisher\" content=\"https:\/\/www.facebook.com\/profile.php?id=61568102666880\" \/>\n<meta property=\"article:modified_time\" content=\"2025-02-28T11:56:15+00:00\" \/>\n<meta property=\"og:image\" content=\"https:\/\/www.cihanpandoor.com\/wp-content\/uploads\/2024\/12\/Screenshot_78.png\" \/>\n\t<meta property=\"og:image:width\" content=\"938\" \/>\n\t<meta property=\"og:image:height\" content=\"321\" \/>\n\t<meta property=\"og:image:type\" content=\"image\/png\" \/>\n<meta name=\"twitter:card\" content=\"summary_large_image\" \/>\n<meta name=\"twitter:label1\" content=\"Tahmini okuma s\u00fcresi\" \/>\n\t<meta name=\"twitter:data1\" content=\"11 dakika\" \/>\n<script type=\"application\/ld+json\" class=\"yoast-schema-graph\">{\"@context\":\"https:\\\/\\\/schema.org\",\"@graph\":[{\"@type\":[\"WebPage\",\"ContactPage\"],\"@id\":\"https:\\\/\\\/www.cihanpandoor.com\\\/elitpan-interior-door-manufacturer\\\/\",\"url\":\"https:\\\/\\\/www.cihanpandoor.com\\\/elitpan-interior-door-manufacturer\\\/\",\"name\":\"Elitpan Interior Door Manufacturer\",\"isPartOf\":{\"@id\":\"https:\\\/\\\/www.cihanpandoor.com\\\/#website\"},\"datePublished\":\"2023-04-10T10:58:21+00:00\",\"dateModified\":\"2025-02-28T11:56:15+00:00\",\"description\":\"Buy Elitpan doors from trusted Turkish manufacturers. High-quality and customizable options available for wholesale and export.\",\"breadcrumb\":{\"@id\":\"https:\\\/\\\/www.cihanpandoor.com\\\/elitpan-interior-door-manufacturer\\\/#breadcrumb\"},\"inLanguage\":\"tr\",\"potentialAction\":[{\"@type\":\"ReadAction\",\"target\":[\"https:\\\/\\\/www.cihanpandoor.com\\\/elitpan-interior-door-manufacturer\\\/\"]}]},{\"@type\":\"BreadcrumbList\",\"@id\":\"https:\\\/\\\/www.cihanpandoor.com\\\/elitpan-interior-door-manufacturer\\\/#breadcrumb\",\"itemListElement\":[{\"@type\":\"ListItem\",\"position\":1,\"name\":\"Anasayfa\",\"item\":\"https:\\\/\\\/www.cihanpandoor.com\\\/\"},{\"@type\":\"ListItem\",\"position\":2,\"name\":\"Elitpan Serisi\"}]},{\"@type\":\"WebSite\",\"@id\":\"https:\\\/\\\/www.cihanpandoor.com\\\/#website\",\"url\":\"https:\\\/\\\/www.cihanpandoor.com\\\/\",\"name\":\"CihanpanDoor\",\"description\":\"\",\"publisher\":{\"@id\":\"https:\\\/\\\/www.cihanpandoor.com\\\/#organization\"},\"potentialAction\":[{\"@type\":\"SearchAction\",\"target\":{\"@type\":\"EntryPoint\",\"urlTemplate\":\"https:\\\/\\\/www.cihanpandoor.com\\\/?s={search_term_string}\"},\"query-input\":{\"@type\":\"PropertyValueSpecification\",\"valueRequired\":true,\"valueName\":\"search_term_string\"}}],\"inLanguage\":\"tr\"},{\"@type\":\"Organization\",\"@id\":\"https:\\\/\\\/www.cihanpandoor.com\\\/#organization\",\"name\":\"CihanPan Door\",\"alternateName\":\"Cihanpandoor\",\"url\":\"https:\\\/\\\/www.cihanpandoor.com\\\/\",\"logo\":{\"@type\":\"ImageObject\",\"inLanguage\":\"tr\",\"@id\":\"https:\\\/\\\/www.cihanpandoor.com\\\/#\\\/schema\\\/logo\\\/image\\\/\",\"url\":\"https:\\\/\\\/www.cihanpandoor.com\\\/wp-content\\\/uploads\\\/2023\\\/02\\\/Cihanpandoor-Logo.png\",\"contentUrl\":\"https:\\\/\\\/www.cihanpandoor.com\\\/wp-content\\\/uploads\\\/2023\\\/02\\\/Cihanpandoor-Logo.png\",\"width\":350,\"height\":138,\"caption\":\"CihanPan Door\"},\"image\":{\"@id\":\"https:\\\/\\\/www.cihanpandoor.com\\\/#\\\/schema\\\/logo\\\/image\\\/\"},\"sameAs\":[\"https:\\\/\\\/www.facebook.com\\\/profile.php?id=61568102666880\",\"https:\\\/\\\/www.instagram.com\\\/cihanpan_door\\\/\"]}]}<\/script>\n<!-- \/ Yoast SEO plugin. -->","yoast_head_json":{"title":"Elitpan Interior Door Manufacturer","description":"Buy Elitpan doors from trusted Turkish manufacturers. High-quality and customizable options available for wholesale and export.","robots":{"index":"index","follow":"follow","max-snippet":"max-snippet:-1","max-image-preview":"max-image-preview:large","max-video-preview":"max-video-preview:-1"},"canonical":"https:\/\/www.cihanpandoor.com\/elitpan-interior-door-manufacturer\/","og_locale":"tr_TR","og_type":"article","og_title":"Elitpan Interior Door Manufacturer","og_description":"Buy Elitpan doors from trusted Turkish manufacturers. High-quality and customizable options available for wholesale and export.","og_url":"https:\/\/www.cihanpandoor.com\/elitpan-interior-door-manufacturer\/","og_site_name":"CihanpanDoor","article_publisher":"https:\/\/www.facebook.com\/profile.php?id=61568102666880","article_modified_time":"2025-02-28T11:56:15+00:00","og_image":[{"width":938,"height":321,"url":"https:\/\/www.cihanpandoor.com\/wp-content\/uploads\/2024\/12\/Screenshot_78.png","type":"image\/png"}],"twitter_card":"summary_large_image","twitter_misc":{"Tahmini okuma s\u00fcresi":"11 dakika"},"schema":{"@context":"https:\/\/schema.org","@graph":[{"@type":["WebPage","ContactPage"],"@id":"https:\/\/www.cihanpandoor.com\/elitpan-interior-door-manufacturer\/","url":"https:\/\/www.cihanpandoor.com\/elitpan-interior-door-manufacturer\/","name":"Elitpan Interior Door Manufacturer","isPartOf":{"@id":"https:\/\/www.cihanpandoor.com\/#website"},"datePublished":"2023-04-10T10:58:21+00:00","dateModified":"2025-02-28T11:56:15+00:00","description":"Buy Elitpan doors from trusted Turkish manufacturers. High-quality and customizable options available for wholesale and export.","breadcrumb":{"@id":"https:\/\/www.cihanpandoor.com\/elitpan-interior-door-manufacturer\/#breadcrumb"},"inLanguage":"tr","potentialAction":[{"@type":"ReadAction","target":["https:\/\/www.cihanpandoor.com\/elitpan-interior-door-manufacturer\/"]}]},{"@type":"BreadcrumbList","@id":"https:\/\/www.cihanpandoor.com\/elitpan-interior-door-manufacturer\/#breadcrumb","itemListElement":[{"@type":"ListItem","position":1,"name":"Anasayfa","item":"https:\/\/www.cihanpandoor.com\/"},{"@type":"ListItem","position":2,"name":"Elitpan Serisi"}]},{"@type":"WebSite","@id":"https:\/\/www.cihanpandoor.com\/#website","url":"https:\/\/www.cihanpandoor.com\/","name":"CihanpanDoor","description":"","publisher":{"@id":"https:\/\/www.cihanpandoor.com\/#organization"},"potentialAction":[{"@type":"SearchAction","target":{"@type":"EntryPoint","urlTemplate":"https:\/\/www.cihanpandoor.com\/?s={search_term_string}"},"query-input":{"@type":"PropertyValueSpecification","valueRequired":true,"valueName":"search_term_string"}}],"inLanguage":"tr"},{"@type":"Organization","@id":"https:\/\/www.cihanpandoor.com\/#organization","name":"CihanPan Door","alternateName":"Cihanpandoor","url":"https:\/\/www.cihanpandoor.com\/","logo":{"@type":"ImageObject","inLanguage":"tr","@id":"https:\/\/www.cihanpandoor.com\/#\/schema\/logo\/image\/","url":"https:\/\/www.cihanpandoor.com\/wp-content\/uploads\/2023\/02\/Cihanpandoor-Logo.png","contentUrl":"https:\/\/www.cihanpandoor.com\/wp-content\/uploads\/2023\/02\/Cihanpandoor-Logo.png","width":350,"height":138,"caption":"CihanPan Door"},"image":{"@id":"https:\/\/www.cihanpandoor.com\/#\/schema\/logo\/image\/"},"sameAs":["https:\/\/www.facebook.com\/profile.php?id=61568102666880","https:\/\/www.instagram.com\/cihanpan_door\/"]}]}},"_links":{"self":[{"href":"https:\/\/www.cihanpandoor.com\/tr\/wp-json\/wp\/v2\/pages\/14511","targetHints":{"allow":["GET"]}}],"collection":[{"href":"https:\/\/www.cihanpandoor.com\/tr\/wp-json\/wp\/v2\/pages"}],"about":[{"href":"https:\/\/www.cihanpandoor.com\/tr\/wp-json\/wp\/v2\/types\/page"}],"author":[{"embeddable":true,"href":"https:\/\/www.cihanpandoor.com\/tr\/wp-json\/wp\/v2\/users\/1"}],"replies":[{"embeddable":true,"href":"https:\/\/www.cihanpandoor.com\/tr\/wp-json\/wp\/v2\/comments?post=14511"}],"version-history":[{"count":0,"href":"https:\/\/www.cihanpandoor.com\/tr\/wp-json\/wp\/v2\/pages\/14511\/revisions"}],"wp:attachment":[{"href":"https:\/\/www.cihanpandoor.com\/tr\/wp-json\/wp\/v2\/media?parent=14511"}],"curies":[{"name":"wp","href":"https:\/\/api.w.org\/{rel}","templated":true}]}}