{"id":14549,"date":"2023-04-10T14:26:16","date_gmt":"2023-04-10T11:26:16","guid":{"rendered":"https:\/\/www.cihanpandoor.com\/?page_id=14549"},"modified":"2024-12-13T11:48:18","modified_gmt":"2024-12-13T08:48:18","slug":"high-quality-interior-wooden-doors-for-hospitals","status":"publish","type":"page","link":"https:\/\/www.cihanpandoor.com\/tr\/high-quality-interior-wooden-doors-for-hospitals\/","title":{"rendered":"Hastane Serisi"},"content":{"rendered":"<p>[vc_row][vc_column width=&#8221;1\/4&#8243;][\/vc_column][vc_column width=&#8221;1\/2&#8243;]<div class=\"qodef-shortcode qodef-m  qodef-section-title qodef-alignment--left   \"  >\n\t\t\t<h2 class=\"qodef-m-title\" >\n\t<span class=\"qodef-m-title-inner\" >\n\t\t\tHastane Serisi\t\t<\/span>\n\t<\/h2>\n\t\t<\/div>\n[vc_empty_space height=&#8221;10px&#8221;][vc_column_text]Hastane serisi kap\u0131lar\u0131m\u0131zla, sa\u011fl\u0131k kurumlar\u0131n\u0131zda estetik ve fonksiyonelli\u011fi bir arada bulabilirsiniz.[\/vc_column_text][vc_empty_space height=&#8221;10px&#8221;]<a class=\"qodef-shortcode qodef-m form qodef-button qodef-layout--filled qodef-size--large qodef-html--link\" href=\"https:\/\/www.cihanpandoor.com\/teklif-al\" target=\"_self\"  >\n\t<span class=\"qodef-m-text\">Teklif Al<\/span>\n<\/a>\n[vc_empty_space height=&#8221;30px&#8221;][\/vc_column][vc_column width=&#8221;1\/4&#8243;][\/vc_column][\/vc_row][vc_row][vc_column width=&#8221;1\/3&#8243;][vc_single_image image=&#8221;14555&#8243; img_size=&#8221;full&#8221; alignment=&#8221;center&#8221;]<div class=\"qodef-shortcode qodef-m  qodef-section-title qodef-alignment--center   \"  >\n\t\t<p class=\"qodef-m-tagline\" >\r\n\t\tTik \/ Antrasit\t<\/p>\r\n\t\t<h2 class=\"qodef-m-title\" >\n\t<span class=\"qodef-m-title-inner\" >\n\t\t\t501\t\t<\/span>\n\t<\/h2>\n\t\t<\/div>\n[vc_separator color=&#8221;black&#8221; el_width=&#8221;20&#8243;][vc_empty_space height=&#8221;10px&#8221;][\/vc_column][vc_column width=&#8221;1\/3&#8243;][vc_single_image image=&#8221;14554&#8243; img_size=&#8221;full&#8221; alignment=&#8221;center&#8221;]<div class=\"qodef-shortcode qodef-m  qodef-section-title qodef-alignment--center   \"  >\n\t\t<p class=\"qodef-m-tagline\" >\r\n\t\tAvola\t<\/p>\r\n\t\t<h2 class=\"qodef-m-title\" >\n\t<span class=\"qodef-m-title-inner\" >\n\t\t\t502\t\t<\/span>\n\t<\/h2>\n\t\t<\/div>\n[vc_separator color=&#8221;black&#8221; el_width=&#8221;20&#8243;][vc_empty_space height=&#8221;10px&#8221;][\/vc_column][vc_column width=&#8221;1\/3&#8243;][vc_single_image image=&#8221;14553&#8243; img_size=&#8221;full&#8221; alignment=&#8221;center&#8221;]<div class=\"qodef-shortcode qodef-m  qodef-section-title qodef-alignment--center   \"  >\n\t\t<p class=\"qodef-m-tagline\" >\r\n\t\tABD Ceviz \/ Krom\t<\/p>\r\n\t\t<h2 class=\"qodef-m-title\" >\n\t<span class=\"qodef-m-title-inner\" >\n\t\t\t503\t\t<\/span>\n\t<\/h2>\n\t\t<\/div>\n[vc_separator color=&#8221;black&#8221; el_width=&#8221;20&#8243;][vc_empty_space height=&#8221;10px&#8221;][\/vc_column][\/vc_row][vc_row][vc_column width=&#8221;1\/3&#8243;][vc_single_image image=&#8221;14552&#8243; img_size=&#8221;full&#8221; alignment=&#8221;center&#8221;]<div class=\"qodef-shortcode qodef-m  qodef-section-title qodef-alignment--center   \"  >\n\t\t<p class=\"qodef-m-tagline\" >\r\n\t\tSoft Kapu\u00e7ino \/ Antrasit\t<\/p>\r\n\t\t<h2 class=\"qodef-m-title\" >\n\t<span class=\"qodef-m-title-inner\" >\n\t\t\t504\t\t<\/span>\n\t<\/h2>\n\t\t<\/div>\n[vc_separator color=&#8221;black&#8221; el_width=&#8221;20&#8243;][vc_empty_space height=&#8221;10px&#8221;][\/vc_column][vc_column width=&#8221;1\/3&#8243;][vc_single_image image=&#8221;14551&#8243; img_size=&#8221;full&#8221; alignment=&#8221;center&#8221;]<div class=\"qodef-shortcode qodef-m  qodef-section-title qodef-alignment--center   \"  >\n\t\t<p class=\"qodef-m-tagline\" >\r\n\t\tSaruhan \/ Krem\t<\/p>\r\n\t\t<h2 class=\"qodef-m-title\" >\n\t<span class=\"qodef-m-title-inner\" >\n\t\t\t505\t\t<\/span>\n\t<\/h2>\n\t\t<\/div>\n[vc_separator color=&#8221;black&#8221; el_width=&#8221;20&#8243;][vc_empty_space height=&#8221;10px&#8221;][\/vc_column][vc_column width=&#8221;1\/3&#8243;][vc_single_image image=&#8221;14550&#8243; img_size=&#8221;full&#8221; alignment=&#8221;center&#8221;]<div class=\"qodef-shortcode qodef-m  qodef-section-title qodef-alignment--center   \"  >\n\t\t<p class=\"qodef-m-tagline\" >\r\n\t\tAntrasit \/ Krom\t<\/p>\r\n\t\t<h2 class=\"qodef-m-title\" >\n\t<span class=\"qodef-m-title-inner\" >\n\t\t\t506\t\t<\/span>\n\t<\/h2>\n\t\t<\/div>\n[vc_separator color=&#8221;black&#8221; el_width=&#8221;20&#8243;][vc_empty_space height=&#8221;10px&#8221;][\/vc_column][\/vc_row]<\/p>","protected":false},"excerpt":{"rendered":"<p>[vc_row][vc_column width=&#8221;1\/4&#8243;][\/vc_column][vc_column width=&#8221;1\/2&#8243;][vc_empty_space height=&#8221;10px&#8221;][vc_column_text]Hastane serisi kap\u0131lar\u0131m\u0131zla, sa\u011fl\u0131k kurumlar\u0131n\u0131zda estetik ve fonksiyonelli\u011fi bir arada bulabilirsiniz.[\/vc_column_text][vc_empty_space height=&#8221;10px&#8221;][vc_empty_space height=&#8221;30px&#8221;][\/vc_column][vc_column width=&#8221;1\/4&#8243;][\/vc_column][\/vc_row][vc_row][vc_column width=&#8221;1\/3&#8243;][vc_single_image image=&#8221;14555&#8243; img_size=&#8221;full&#8221; alignment=&#8221;center&#8221;][vc_separator color=&#8221;black&#8221; el_width=&#8221;20&#8243;][vc_empty_space height=&#8221;10px&#8221;][\/vc_column][vc_column width=&#8221;1\/3&#8243;][vc_single_image image=&#8221;14554&#8243; img_size=&#8221;full&#8221; alignment=&#8221;center&#8221;][vc_separator color=&#8221;black&#8221; el_width=&#8221;20&#8243;][vc_empty_space height=&#8221;10px&#8221;][\/vc_column][vc_column width=&#8221;1\/3&#8243;][vc_single_image image=&#8221;14553&#8243; img_size=&#8221;full&#8221; alignment=&#8221;center&#8221;][vc_separator color=&#8221;black&#8221; el_width=&#8221;20&#8243;][vc_empty_space height=&#8221;10px&#8221;][\/vc_column][\/vc_row][vc_row][vc_column width=&#8221;1\/3&#8243;][vc_single_image image=&#8221;14552&#8243; img_size=&#8221;full&#8221; alignment=&#8221;center&#8221;][vc_separator color=&#8221;black&#8221; el_width=&#8221;20&#8243;][vc_empty_space height=&#8221;10px&#8221;][\/vc_column][vc_column width=&#8221;1\/3&#8243;][vc_single_image image=&#8221;14551&#8243; img_size=&#8221;full&#8221; alignment=&#8221;center&#8221;][vc_separator color=&#8221;black&#8221; el_width=&#8221;20&#8243;][vc_empty_space height=&#8221;10px&#8221;][\/vc_column][vc_column width=&#8221;1\/3&#8243;][vc_single_image image=&#8221;14550&#8243; img_size=&#8221;full&#8221; [&hellip;]<\/p>\n","protected":false},"author":1,"featured_media":0,"parent":0,"menu_order":0,"comment_status":"closed","ping_status":"closed","template":"page-full-width.php","meta":{"footnotes":""},"class_list":["post-14549","page","type-page","status-publish","hentry"],"yoast_head":"<!-- This site is optimized with the Yoast SEO plugin v27.4 - https:\/\/yoast.com\/product\/yoast-seo-wordpress\/ -->\n<title>Interior wooden door manufacturer for hospitals<\/title>\n<meta name=\"description\" content=\"Buy high-quality interior wooden doors for hospitals from leading Turkish manufacturers. Wholesale and export solutions available.\" \/>\n<meta name=\"robots\" content=\"index, follow, max-snippet:-1, max-image-preview:large, max-video-preview:-1\" \/>\n<link rel=\"canonical\" href=\"https:\/\/www.cihanpandoor.com\/high-quality-interior-wooden-doors-for-hospitals\/\" \/>\n<meta property=\"og:locale\" content=\"tr_TR\" \/>\n<meta property=\"og:type\" content=\"article\" \/>\n<meta property=\"og:title\" content=\"Interior wooden door manufacturer for hospitals\" \/>\n<meta property=\"og:description\" content=\"Buy high-quality interior wooden doors for hospitals from leading Turkish manufacturers. Wholesale and export solutions available.\" \/>\n<meta property=\"og:url\" content=\"https:\/\/www.cihanpandoor.com\/high-quality-interior-wooden-doors-for-hospitals\/\" \/>\n<meta property=\"og:site_name\" content=\"CihanpanDoor\" \/>\n<meta property=\"article:publisher\" content=\"https:\/\/www.facebook.com\/profile.php?id=61568102666880\" \/>\n<meta property=\"article:modified_time\" content=\"2024-12-13T08:48:18+00:00\" \/>\n<meta property=\"og:image\" content=\"https:\/\/www.cihanpandoor.com\/wp-content\/uploads\/2024\/12\/Screenshot_78.png\" \/>\n\t<meta property=\"og:image:width\" content=\"938\" \/>\n\t<meta property=\"og:image:height\" content=\"321\" \/>\n\t<meta property=\"og:image:type\" content=\"image\/png\" \/>\n<meta name=\"twitter:card\" content=\"summary_large_image\" \/>\n<meta name=\"twitter:label1\" content=\"Tahmini okuma s\u00fcresi\" \/>\n\t<meta name=\"twitter:data1\" content=\"2 dakika\" \/>\n<script type=\"application\/ld+json\" class=\"yoast-schema-graph\">{\"@context\":\"https:\\\/\\\/schema.org\",\"@graph\":[{\"@type\":[\"WebPage\",\"ContactPage\"],\"@id\":\"https:\\\/\\\/www.cihanpandoor.com\\\/high-quality-interior-wooden-doors-for-hospitals\\\/\",\"url\":\"https:\\\/\\\/www.cihanpandoor.com\\\/high-quality-interior-wooden-doors-for-hospitals\\\/\",\"name\":\"Interior wooden door manufacturer for hospitals\",\"isPartOf\":{\"@id\":\"https:\\\/\\\/www.cihanpandoor.com\\\/#website\"},\"datePublished\":\"2023-04-10T11:26:16+00:00\",\"dateModified\":\"2024-12-13T08:48:18+00:00\",\"description\":\"Buy high-quality interior wooden doors for hospitals from leading Turkish manufacturers. Wholesale and export solutions available.\",\"breadcrumb\":{\"@id\":\"https:\\\/\\\/www.cihanpandoor.com\\\/high-quality-interior-wooden-doors-for-hospitals\\\/#breadcrumb\"},\"inLanguage\":\"tr\",\"potentialAction\":[{\"@type\":\"ReadAction\",\"target\":[\"https:\\\/\\\/www.cihanpandoor.com\\\/high-quality-interior-wooden-doors-for-hospitals\\\/\"]}]},{\"@type\":\"BreadcrumbList\",\"@id\":\"https:\\\/\\\/www.cihanpandoor.com\\\/high-quality-interior-wooden-doors-for-hospitals\\\/#breadcrumb\",\"itemListElement\":[{\"@type\":\"ListItem\",\"position\":1,\"name\":\"Anasayfa\",\"item\":\"https:\\\/\\\/www.cihanpandoor.com\\\/\"},{\"@type\":\"ListItem\",\"position\":2,\"name\":\"Hastane Serisi\"}]},{\"@type\":\"WebSite\",\"@id\":\"https:\\\/\\\/www.cihanpandoor.com\\\/#website\",\"url\":\"https:\\\/\\\/www.cihanpandoor.com\\\/\",\"name\":\"CihanpanDoor\",\"description\":\"\",\"publisher\":{\"@id\":\"https:\\\/\\\/www.cihanpandoor.com\\\/#organization\"},\"potentialAction\":[{\"@type\":\"SearchAction\",\"target\":{\"@type\":\"EntryPoint\",\"urlTemplate\":\"https:\\\/\\\/www.cihanpandoor.com\\\/?s={search_term_string}\"},\"query-input\":{\"@type\":\"PropertyValueSpecification\",\"valueRequired\":true,\"valueName\":\"search_term_string\"}}],\"inLanguage\":\"tr\"},{\"@type\":\"Organization\",\"@id\":\"https:\\\/\\\/www.cihanpandoor.com\\\/#organization\",\"name\":\"CihanPan Door\",\"alternateName\":\"Cihanpandoor\",\"url\":\"https:\\\/\\\/www.cihanpandoor.com\\\/\",\"logo\":{\"@type\":\"ImageObject\",\"inLanguage\":\"tr\",\"@id\":\"https:\\\/\\\/www.cihanpandoor.com\\\/#\\\/schema\\\/logo\\\/image\\\/\",\"url\":\"https:\\\/\\\/www.cihanpandoor.com\\\/wp-content\\\/uploads\\\/2023\\\/02\\\/Cihanpandoor-Logo.png\",\"contentUrl\":\"https:\\\/\\\/www.cihanpandoor.com\\\/wp-content\\\/uploads\\\/2023\\\/02\\\/Cihanpandoor-Logo.png\",\"width\":350,\"height\":138,\"caption\":\"CihanPan Door\"},\"image\":{\"@id\":\"https:\\\/\\\/www.cihanpandoor.com\\\/#\\\/schema\\\/logo\\\/image\\\/\"},\"sameAs\":[\"https:\\\/\\\/www.facebook.com\\\/profile.php?id=61568102666880\",\"https:\\\/\\\/www.instagram.com\\\/cihanpan_door\\\/\"]}]}<\/script>\n<!-- \/ Yoast SEO plugin. -->","yoast_head_json":{"title":"Interior wooden door manufacturer for hospitals","description":"Buy high-quality interior wooden doors for hospitals from leading Turkish manufacturers. Wholesale and export solutions available.","robots":{"index":"index","follow":"follow","max-snippet":"max-snippet:-1","max-image-preview":"max-image-preview:large","max-video-preview":"max-video-preview:-1"},"canonical":"https:\/\/www.cihanpandoor.com\/high-quality-interior-wooden-doors-for-hospitals\/","og_locale":"tr_TR","og_type":"article","og_title":"Interior wooden door manufacturer for hospitals","og_description":"Buy high-quality interior wooden doors for hospitals from leading Turkish manufacturers. Wholesale and export solutions available.","og_url":"https:\/\/www.cihanpandoor.com\/high-quality-interior-wooden-doors-for-hospitals\/","og_site_name":"CihanpanDoor","article_publisher":"https:\/\/www.facebook.com\/profile.php?id=61568102666880","article_modified_time":"2024-12-13T08:48:18+00:00","og_image":[{"width":938,"height":321,"url":"https:\/\/www.cihanpandoor.com\/wp-content\/uploads\/2024\/12\/Screenshot_78.png","type":"image\/png"}],"twitter_card":"summary_large_image","twitter_misc":{"Tahmini okuma s\u00fcresi":"2 dakika"},"schema":{"@context":"https:\/\/schema.org","@graph":[{"@type":["WebPage","ContactPage"],"@id":"https:\/\/www.cihanpandoor.com\/high-quality-interior-wooden-doors-for-hospitals\/","url":"https:\/\/www.cihanpandoor.com\/high-quality-interior-wooden-doors-for-hospitals\/","name":"Interior wooden door manufacturer for hospitals","isPartOf":{"@id":"https:\/\/www.cihanpandoor.com\/#website"},"datePublished":"2023-04-10T11:26:16+00:00","dateModified":"2024-12-13T08:48:18+00:00","description":"Buy high-quality interior wooden doors for hospitals from leading Turkish manufacturers. Wholesale and export solutions available.","breadcrumb":{"@id":"https:\/\/www.cihanpandoor.com\/high-quality-interior-wooden-doors-for-hospitals\/#breadcrumb"},"inLanguage":"tr","potentialAction":[{"@type":"ReadAction","target":["https:\/\/www.cihanpandoor.com\/high-quality-interior-wooden-doors-for-hospitals\/"]}]},{"@type":"BreadcrumbList","@id":"https:\/\/www.cihanpandoor.com\/high-quality-interior-wooden-doors-for-hospitals\/#breadcrumb","itemListElement":[{"@type":"ListItem","position":1,"name":"Anasayfa","item":"https:\/\/www.cihanpandoor.com\/"},{"@type":"ListItem","position":2,"name":"Hastane Serisi"}]},{"@type":"WebSite","@id":"https:\/\/www.cihanpandoor.com\/#website","url":"https:\/\/www.cihanpandoor.com\/","name":"CihanpanDoor","description":"","publisher":{"@id":"https:\/\/www.cihanpandoor.com\/#organization"},"potentialAction":[{"@type":"SearchAction","target":{"@type":"EntryPoint","urlTemplate":"https:\/\/www.cihanpandoor.com\/?s={search_term_string}"},"query-input":{"@type":"PropertyValueSpecification","valueRequired":true,"valueName":"search_term_string"}}],"inLanguage":"tr"},{"@type":"Organization","@id":"https:\/\/www.cihanpandoor.com\/#organization","name":"CihanPan Door","alternateName":"Cihanpandoor","url":"https:\/\/www.cihanpandoor.com\/","logo":{"@type":"ImageObject","inLanguage":"tr","@id":"https:\/\/www.cihanpandoor.com\/#\/schema\/logo\/image\/","url":"https:\/\/www.cihanpandoor.com\/wp-content\/uploads\/2023\/02\/Cihanpandoor-Logo.png","contentUrl":"https:\/\/www.cihanpandoor.com\/wp-content\/uploads\/2023\/02\/Cihanpandoor-Logo.png","width":350,"height":138,"caption":"CihanPan Door"},"image":{"@id":"https:\/\/www.cihanpandoor.com\/#\/schema\/logo\/image\/"},"sameAs":["https:\/\/www.facebook.com\/profile.php?id=61568102666880","https:\/\/www.instagram.com\/cihanpan_door\/"]}]}},"_links":{"self":[{"href":"https:\/\/www.cihanpandoor.com\/tr\/wp-json\/wp\/v2\/pages\/14549","targetHints":{"allow":["GET"]}}],"collection":[{"href":"https:\/\/www.cihanpandoor.com\/tr\/wp-json\/wp\/v2\/pages"}],"about":[{"href":"https:\/\/www.cihanpandoor.com\/tr\/wp-json\/wp\/v2\/types\/page"}],"author":[{"embeddable":true,"href":"https:\/\/www.cihanpandoor.com\/tr\/wp-json\/wp\/v2\/users\/1"}],"replies":[{"embeddable":true,"href":"https:\/\/www.cihanpandoor.com\/tr\/wp-json\/wp\/v2\/comments?post=14549"}],"version-history":[{"count":0,"href":"https:\/\/www.cihanpandoor.com\/tr\/wp-json\/wp\/v2\/pages\/14549\/revisions"}],"wp:attachment":[{"href":"https:\/\/www.cihanpandoor.com\/tr\/wp-json\/wp\/v2\/media?parent=14549"}],"curies":[{"name":"wp","href":"https:\/\/api.w.org\/{rel}","templated":true}]}}