{"id":14712,"date":"2023-04-19T12:28:17","date_gmt":"2023-04-19T09:28:17","guid":{"rendered":"https:\/\/www.cihanpandoor.com\/?page_id=14712"},"modified":"2025-04-21T15:03:49","modified_gmt":"2025-04-21T12:03:49","slug":"turkish-interior-door-suppliers","status":"publish","type":"page","link":"https:\/\/www.cihanpandoor.com\/tr\/turkish-interior-door-suppliers\/","title":{"rendered":"\u0130\u00e7 Oda Kap\u0131s\u0131 Tedarik\u00e7isi"},"content":{"rendered":"<p>[vc_row][vc_column width=&#8221;1\/4&#8243;][\/vc_column][vc_column width=&#8221;1\/2&#8243;]<div class=\"qodef-shortcode qodef-m  qodef-section-title qodef-alignment--center   \"  >\n\t\t\t<h2 class=\"qodef-m-title\" >\n\t<span class=\"qodef-m-title-inner\" >\n\t\t\tGlobal Projeleriniz \u0130\u00e7in G\u00fcvenilir T\u00fcrk \u0130\u00e7 Oda Kap\u0131s\u0131 Tedarik\u00e7isi\t\t<\/span>\n\t<\/h2>\n\t\t<\/div>\n[vc_empty_space height=&#8221;10px&#8221;][vc_column_text]<\/p>\n<p class=\"\" data-start=\"1145\" data-end=\"1385\">Toplu sipari\u015fleriniz veya projeleriniz i\u00e7in g\u00fcvenilir bir <strong data-start=\"1203\" data-end=\"1237\">T\u00fcrk i\u00e7 oda kap\u0131s\u0131 tedarik\u00e7isi<\/strong> mi ar\u0131yorsunuz? T\u00fcrkiye\u2019de \u00fcretilen y\u00fcksek kaliteli ah\u015fap i\u00e7 oda kap\u0131lar\u0131m\u0131z, modern yap\u0131lar, oteller ve konut projeleri i\u00e7in ideal \u00e7\u00f6z\u00fcmler sunar.<\/p>\n<p class=\"\" data-start=\"1387\" data-end=\"1659\">Y\u0131llar\u0131n deneyimiyle, dayan\u0131kl\u0131, \u015f\u0131k ve \u00f6zelle\u015ftirilebilir i\u00e7 kap\u0131lar \u00fcretiyor ve rekabet\u00e7i fiyatlarla d\u00fcnya \u00e7ap\u0131nda tedarik sa\u011fl\u0131yoruz. \u0130ster otel, ister hastane, ister konut projeniz olsun \u2013 geni\u015f model ve kaplama se\u00e7eneklerimizle tasar\u0131m\u0131n\u0131za en uygun kap\u0131y\u0131 sunuyoruz.<\/p>\n<p class=\"\" data-start=\"1661\" data-end=\"1724\">\ud83d\udce6 H\u0131zl\u0131 sevkiyat \u2013 \ud83c\udfd7\ufe0f Proje deste\u011fi \u2013 \ud83c\udf0d D\u00fcnya geneli ihracat<\/p>\n<p>[\/vc_column_text][vc_empty_space height=&#8221;10px&#8221;]<a class=\"qodef-shortcode qodef-m form qodef-button qodef-layout--outlined qodef-size--full qodef-html--link\" href=\"https:\/\/www.cihanpandoor.com\/interior-room-doors\/\" target=\"_blank\"  >\n\t<span class=\"qodef-m-text\">Our Interior Room Doors<\/span>\n<\/a>\n[vc_empty_space height=&#8221;30px&#8221;][\/vc_column][vc_column width=&#8221;1\/4&#8243;][\/vc_column][\/vc_row][vc_row][vc_column width=&#8221;1\/3&#8243;][vc_single_image image=&#8221;14123&#8243; img_size=&#8221;full&#8221; alignment=&#8221;center&#8221;]<div class=\"qodef-shortcode qodef-m  qodef-section-title qodef-alignment--center   \"  >\n\t\t<p class=\"qodef-m-tagline\" >\r\n\t\tABD Ceviz\t<\/p>\r\n\t\t<h2 class=\"qodef-m-title\" >\n\t<span class=\"qodef-m-title-inner\" >\n\t\t\t101 - A\t\t<\/span>\n\t<\/h2>\n\t\t<\/div>\n[vc_separator color=&#8221;black&#8221; el_width=&#8221;20&#8243;][vc_empty_space height=&#8221;10px&#8221;][\/vc_column][vc_column width=&#8221;1\/3&#8243;][vc_single_image image=&#8221;14128&#8243; img_size=&#8221;full&#8221; alignment=&#8221;center&#8221;]<div class=\"qodef-shortcode qodef-m  qodef-section-title qodef-alignment--center   \"  >\n\t\t<p class=\"qodef-m-tagline\" >\r\n\t\tBeyaz\t<\/p>\r\n\t\t<h2 class=\"qodef-m-title\" >\n\t<span class=\"qodef-m-title-inner\" >\n\t\t\t101 - B\t\t<\/span>\n\t<\/h2>\n\t\t<\/div>\n[vc_separator color=&#8221;black&#8221; el_width=&#8221;20&#8243;][vc_empty_space height=&#8221;10px&#8221;][\/vc_column][vc_column width=&#8221;1\/3&#8243;][vc_single_image image=&#8221;14126&#8243; img_size=&#8221;full&#8221; alignment=&#8221;center&#8221;]<div class=\"qodef-shortcode qodef-m  qodef-section-title qodef-alignment--center   \"  >\n\t\t<p class=\"qodef-m-tagline\" >\r\n\t\t\u0130talyan Ceviz\t<\/p>\r\n\t\t<h2 class=\"qodef-m-title\" >\n\t<span class=\"qodef-m-title-inner\" >\n\t\t\t101 - C\t\t<\/span>\n\t<\/h2>\n\t\t<\/div>\n[vc_separator color=&#8221;black&#8221; el_width=&#8221;20&#8243;][vc_empty_space height=&#8221;10px&#8221;][\/vc_column][\/vc_row][vc_row][vc_column width=&#8221;1\/3&#8243;][vc_single_image image=&#8221;14127&#8243; img_size=&#8221;full&#8221; alignment=&#8221;center&#8221;]<div class=\"qodef-shortcode qodef-m  qodef-section-title qodef-alignment--center   \"  >\n\t\t<p class=\"qodef-m-tagline\" >\r\n\t\tAyder\t<\/p>\r\n\t\t<h2 class=\"qodef-m-title\" >\n\t<span class=\"qodef-m-title-inner\" >\n\t\t\t101 - D\t\t<\/span>\n\t<\/h2>\n\t\t<\/div>\n[vc_separator color=&#8221;black&#8221; el_width=&#8221;20&#8243;][vc_empty_space height=&#8221;10px&#8221;][\/vc_column][vc_column width=&#8221;1\/3&#8243;][vc_single_image image=&#8221;14124&#8243; img_size=&#8221;full&#8221; alignment=&#8221;center&#8221;]<div class=\"qodef-shortcode qodef-m  qodef-section-title qodef-alignment--center   \"  >\n\t\t<p class=\"qodef-m-tagline\" >\r\n\t\tKum Gri\t<\/p>\r\n\t\t<h2 class=\"qodef-m-title\" >\n\t<span class=\"qodef-m-title-inner\" >\n\t\t\t101 - E\t\t<\/span>\n\t<\/h2>\n\t\t<\/div>\n[vc_separator color=&#8221;black&#8221; el_width=&#8221;20&#8243;][vc_empty_space height=&#8221;10px&#8221;][\/vc_column][vc_column width=&#8221;1\/3&#8243;][vc_single_image image=&#8221;14125&#8243; img_size=&#8221;full&#8221; alignment=&#8221;center&#8221;]<div class=\"qodef-shortcode qodef-m  qodef-section-title qodef-alignment--center   \"  >\n\t\t<p class=\"qodef-m-tagline\" >\r\n\t\tBeyaz\t<\/p>\r\n\t\t<h2 class=\"qodef-m-title\" >\n\t<span class=\"qodef-m-title-inner\" >\n\t\t\t101 - F\t\t<\/span>\n\t<\/h2>\n\t\t<\/div>\n[vc_separator color=&#8221;black&#8221; el_width=&#8221;20&#8243;][vc_empty_space height=&#8221;10px&#8221;][\/vc_column][\/vc_row]<\/p>","protected":false},"excerpt":{"rendered":"<p>[vc_row][vc_column width=&#8221;1\/4&#8243;][\/vc_column][vc_column width=&#8221;1\/2&#8243;][vc_empty_space height=&#8221;10px&#8221;][vc_column_text] Toplu sipari\u015fleriniz veya projeleriniz i\u00e7in g\u00fcvenilir bir T\u00fcrk i\u00e7 oda kap\u0131s\u0131 tedarik\u00e7isi mi ar\u0131yorsunuz? T\u00fcrkiye\u2019de \u00fcretilen y\u00fcksek kaliteli ah\u015fap i\u00e7 oda kap\u0131lar\u0131m\u0131z, modern yap\u0131lar, oteller ve konut projeleri i\u00e7in ideal \u00e7\u00f6z\u00fcmler sunar. Y\u0131llar\u0131n deneyimiyle, dayan\u0131kl\u0131, \u015f\u0131k ve \u00f6zelle\u015ftirilebilir i\u00e7 kap\u0131lar \u00fcretiyor ve rekabet\u00e7i fiyatlarla d\u00fcnya \u00e7ap\u0131nda tedarik sa\u011fl\u0131yoruz. \u0130ster otel, ister [&hellip;]<\/p>\n","protected":false},"author":1,"featured_media":0,"parent":0,"menu_order":0,"comment_status":"closed","ping_status":"closed","template":"page-full-width.php","meta":{"footnotes":""},"class_list":["post-14712","page","type-page","status-publish","hentry"],"yoast_head":"<!-- This site is optimized with the Yoast SEO plugin v27.2 - https:\/\/yoast.com\/product\/yoast-seo-wordpress\/ -->\n<title>\u0130\u00e7 Oda Kap\u0131s\u0131 Tedarik\u00e7isi - CihanpanDoor<\/title>\n<meta name=\"description\" content=\"Discover high-quality wooden interior doors for wholesale and export. Custom solutions, fast shipping, and competitive prices.\" \/>\n<meta name=\"robots\" content=\"index, follow, max-snippet:-1, max-image-preview:large, max-video-preview:-1\" \/>\n<link rel=\"canonical\" href=\"https:\/\/www.cihanpandoor.com\/turkish-interior-door-suppliers\/\" \/>\n<meta property=\"og:locale\" content=\"tr_TR\" \/>\n<meta property=\"og:type\" content=\"article\" \/>\n<meta property=\"og:title\" content=\"[:tr]\u0130\u00e7 Oda Kap\u0131s\u0131 Tedarik\u00e7isi[:en]turkish-interior-door-suppliers[:ar]\u0645\u0648\u0631\u062f \u0623\u0628\u0648\u0627\u0628 \u0627\u0644\u063a\u0631\u0641 \u0627\u0644\u062f\u0627\u062e\u0644\u064a\u0629[:] - CihanpanDoor\" \/>\n<meta property=\"og:description\" content=\"Discover high-quality wooden interior doors for wholesale and export. Custom solutions, fast shipping, and competitive prices.\" \/>\n<meta property=\"og:url\" content=\"https:\/\/www.cihanpandoor.com\/turkish-interior-door-suppliers\/\" \/>\n<meta property=\"og:site_name\" content=\"CihanpanDoor\" \/>\n<meta property=\"article:publisher\" content=\"https:\/\/www.facebook.com\/profile.php?id=61568102666880\" \/>\n<meta property=\"article:modified_time\" content=\"2025-04-21T12:03:49+00:00\" \/>\n<meta property=\"og:image\" content=\"https:\/\/www.cihanpandoor.com\/wp-content\/uploads\/2024\/12\/Screenshot_78.png\" \/>\n\t<meta property=\"og:image:width\" content=\"938\" \/>\n\t<meta property=\"og:image:height\" content=\"321\" \/>\n\t<meta property=\"og:image:type\" content=\"image\/png\" \/>\n<meta name=\"twitter:card\" content=\"summary_large_image\" \/>\n<meta name=\"twitter:label1\" content=\"Tahmini okuma s\u00fcresi\" \/>\n\t<meta name=\"twitter:data1\" content=\"4 dakika\" \/>\n<script type=\"application\/ld+json\" class=\"yoast-schema-graph\">{\"@context\":\"https:\/\/schema.org\",\"@graph\":[{\"@type\":[\"WebPage\",\"ContactPage\"],\"@id\":\"https:\/\/www.cihanpandoor.com\/turkish-interior-door-suppliers\/\",\"url\":\"https:\/\/www.cihanpandoor.com\/turkish-interior-door-suppliers\/\",\"name\":\"[:tr]\u0130\u00e7 Oda Kap\u0131s\u0131 Tedarik\u00e7isi[:en]turkish-interior-door-suppliers[:ar]\u0645\u0648\u0631\u062f \u0623\u0628\u0648\u0627\u0628 \u0627\u0644\u063a\u0631\u0641 \u0627\u0644\u062f\u0627\u062e\u0644\u064a\u0629[:] - CihanpanDoor\",\"isPartOf\":{\"@id\":\"https:\/\/www.cihanpandoor.com\/#website\"},\"datePublished\":\"2023-04-19T09:28:17+00:00\",\"dateModified\":\"2025-04-21T12:03:49+00:00\",\"description\":\"Discover high-quality wooden interior doors for wholesale and export. Custom solutions, fast shipping, and competitive prices.\",\"breadcrumb\":{\"@id\":\"https:\/\/www.cihanpandoor.com\/turkish-interior-door-suppliers\/#breadcrumb\"},\"inLanguage\":\"tr\",\"potentialAction\":[{\"@type\":\"ReadAction\",\"target\":[\"https:\/\/www.cihanpandoor.com\/turkish-interior-door-suppliers\/\"]}]},{\"@type\":\"BreadcrumbList\",\"@id\":\"https:\/\/www.cihanpandoor.com\/turkish-interior-door-suppliers\/#breadcrumb\",\"itemListElement\":[{\"@type\":\"ListItem\",\"position\":1,\"name\":\"Anasayfa\",\"item\":\"https:\/\/www.cihanpandoor.com\/\"},{\"@type\":\"ListItem\",\"position\":2,\"name\":\"\u0130\u00e7 Oda Kap\u0131s\u0131 Tedarik\u00e7isi\"}]},{\"@type\":\"WebSite\",\"@id\":\"https:\/\/www.cihanpandoor.com\/#website\",\"url\":\"https:\/\/www.cihanpandoor.com\/\",\"name\":\"CihanpanDoor\",\"description\":\"\",\"publisher\":{\"@id\":\"https:\/\/www.cihanpandoor.com\/#organization\"},\"potentialAction\":[{\"@type\":\"SearchAction\",\"target\":{\"@type\":\"EntryPoint\",\"urlTemplate\":\"https:\/\/www.cihanpandoor.com\/?s={search_term_string}\"},\"query-input\":{\"@type\":\"PropertyValueSpecification\",\"valueRequired\":true,\"valueName\":\"search_term_string\"}}],\"inLanguage\":\"tr\"},{\"@type\":\"Organization\",\"@id\":\"https:\/\/www.cihanpandoor.com\/#organization\",\"name\":\"CihanPan Door\",\"alternateName\":\"Cihanpandoor\",\"url\":\"https:\/\/www.cihanpandoor.com\/\",\"logo\":{\"@type\":\"ImageObject\",\"inLanguage\":\"tr\",\"@id\":\"https:\/\/www.cihanpandoor.com\/#\/schema\/logo\/image\/\",\"url\":\"https:\/\/www.cihanpandoor.com\/wp-content\/uploads\/2023\/02\/Cihanpandoor-Logo.png\",\"contentUrl\":\"https:\/\/www.cihanpandoor.com\/wp-content\/uploads\/2023\/02\/Cihanpandoor-Logo.png\",\"width\":350,\"height\":138,\"caption\":\"CihanPan Door\"},\"image\":{\"@id\":\"https:\/\/www.cihanpandoor.com\/#\/schema\/logo\/image\/\"},\"sameAs\":[\"https:\/\/www.facebook.com\/profile.php?id=61568102666880\",\"https:\/\/www.instagram.com\/cihanpan_door\/\"]}]}<\/script>\n<!-- \/ Yoast SEO plugin. -->","yoast_head_json":{"title":"[:tr]\u0130\u00e7 Oda Kap\u0131s\u0131 Tedarik\u00e7isi[:en]turkish-interior-door-suppliers[:ar]\u0645\u0648\u0631\u062f \u0623\u0628\u0648\u0627\u0628 \u0627\u0644\u063a\u0631\u0641 \u0627\u0644\u062f\u0627\u062e\u0644\u064a\u0629[:] - CihanpanDoor","description":"Discover high-quality wooden interior doors for wholesale and export. Custom solutions, fast shipping, and competitive prices.","robots":{"index":"index","follow":"follow","max-snippet":"max-snippet:-1","max-image-preview":"max-image-preview:large","max-video-preview":"max-video-preview:-1"},"canonical":"https:\/\/www.cihanpandoor.com\/turkish-interior-door-suppliers\/","og_locale":"tr_TR","og_type":"article","og_title":"[:tr]\u0130\u00e7 Oda Kap\u0131s\u0131 Tedarik\u00e7isi[:en]turkish-interior-door-suppliers[:ar]\u0645\u0648\u0631\u062f \u0623\u0628\u0648\u0627\u0628 \u0627\u0644\u063a\u0631\u0641 \u0627\u0644\u062f\u0627\u062e\u0644\u064a\u0629[:] - CihanpanDoor","og_description":"Discover high-quality wooden interior doors for wholesale and export. Custom solutions, fast shipping, and competitive prices.","og_url":"https:\/\/www.cihanpandoor.com\/turkish-interior-door-suppliers\/","og_site_name":"CihanpanDoor","article_publisher":"https:\/\/www.facebook.com\/profile.php?id=61568102666880","article_modified_time":"2025-04-21T12:03:49+00:00","og_image":[{"width":938,"height":321,"url":"https:\/\/www.cihanpandoor.com\/wp-content\/uploads\/2024\/12\/Screenshot_78.png","type":"image\/png"}],"twitter_card":"summary_large_image","twitter_misc":{"Tahmini okuma s\u00fcresi":"4 dakika"},"schema":{"@context":"https:\/\/schema.org","@graph":[{"@type":["WebPage","ContactPage"],"@id":"https:\/\/www.cihanpandoor.com\/turkish-interior-door-suppliers\/","url":"https:\/\/www.cihanpandoor.com\/turkish-interior-door-suppliers\/","name":"[:tr]\u0130\u00e7 Oda Kap\u0131s\u0131 Tedarik\u00e7isi[:en]turkish-interior-door-suppliers[:ar]\u0645\u0648\u0631\u062f \u0623\u0628\u0648\u0627\u0628 \u0627\u0644\u063a\u0631\u0641 \u0627\u0644\u062f\u0627\u062e\u0644\u064a\u0629[:] - CihanpanDoor","isPartOf":{"@id":"https:\/\/www.cihanpandoor.com\/#website"},"datePublished":"2023-04-19T09:28:17+00:00","dateModified":"2025-04-21T12:03:49+00:00","description":"Discover high-quality wooden interior doors for wholesale and export. Custom solutions, fast shipping, and competitive prices.","breadcrumb":{"@id":"https:\/\/www.cihanpandoor.com\/turkish-interior-door-suppliers\/#breadcrumb"},"inLanguage":"tr","potentialAction":[{"@type":"ReadAction","target":["https:\/\/www.cihanpandoor.com\/turkish-interior-door-suppliers\/"]}]},{"@type":"BreadcrumbList","@id":"https:\/\/www.cihanpandoor.com\/turkish-interior-door-suppliers\/#breadcrumb","itemListElement":[{"@type":"ListItem","position":1,"name":"Anasayfa","item":"https:\/\/www.cihanpandoor.com\/"},{"@type":"ListItem","position":2,"name":"\u0130\u00e7 Oda Kap\u0131s\u0131 Tedarik\u00e7isi"}]},{"@type":"WebSite","@id":"https:\/\/www.cihanpandoor.com\/#website","url":"https:\/\/www.cihanpandoor.com\/","name":"CihanpanDoor","description":"","publisher":{"@id":"https:\/\/www.cihanpandoor.com\/#organization"},"potentialAction":[{"@type":"SearchAction","target":{"@type":"EntryPoint","urlTemplate":"https:\/\/www.cihanpandoor.com\/?s={search_term_string}"},"query-input":{"@type":"PropertyValueSpecification","valueRequired":true,"valueName":"search_term_string"}}],"inLanguage":"tr"},{"@type":"Organization","@id":"https:\/\/www.cihanpandoor.com\/#organization","name":"CihanPan Door","alternateName":"Cihanpandoor","url":"https:\/\/www.cihanpandoor.com\/","logo":{"@type":"ImageObject","inLanguage":"tr","@id":"https:\/\/www.cihanpandoor.com\/#\/schema\/logo\/image\/","url":"https:\/\/www.cihanpandoor.com\/wp-content\/uploads\/2023\/02\/Cihanpandoor-Logo.png","contentUrl":"https:\/\/www.cihanpandoor.com\/wp-content\/uploads\/2023\/02\/Cihanpandoor-Logo.png","width":350,"height":138,"caption":"CihanPan Door"},"image":{"@id":"https:\/\/www.cihanpandoor.com\/#\/schema\/logo\/image\/"},"sameAs":["https:\/\/www.facebook.com\/profile.php?id=61568102666880","https:\/\/www.instagram.com\/cihanpan_door\/"]}]}},"_links":{"self":[{"href":"https:\/\/www.cihanpandoor.com\/tr\/wp-json\/wp\/v2\/pages\/14712","targetHints":{"allow":["GET"]}}],"collection":[{"href":"https:\/\/www.cihanpandoor.com\/tr\/wp-json\/wp\/v2\/pages"}],"about":[{"href":"https:\/\/www.cihanpandoor.com\/tr\/wp-json\/wp\/v2\/types\/page"}],"author":[{"embeddable":true,"href":"https:\/\/www.cihanpandoor.com\/tr\/wp-json\/wp\/v2\/users\/1"}],"replies":[{"embeddable":true,"href":"https:\/\/www.cihanpandoor.com\/tr\/wp-json\/wp\/v2\/comments?post=14712"}],"version-history":[{"count":5,"href":"https:\/\/www.cihanpandoor.com\/tr\/wp-json\/wp\/v2\/pages\/14712\/revisions"}],"predecessor-version":[{"id":15315,"href":"https:\/\/www.cihanpandoor.com\/tr\/wp-json\/wp\/v2\/pages\/14712\/revisions\/15315"}],"wp:attachment":[{"href":"https:\/\/www.cihanpandoor.com\/tr\/wp-json\/wp\/v2\/media?parent=14712"}],"curies":[{"name":"wp","href":"https:\/\/api.w.org\/{rel}","templated":true}]}}