{"id":6136,"date":"2022-04-15T10:29:53","date_gmt":"2022-04-15T07:29:53","guid":{"rendered":"https:\/\/archicon.qodeinteractive.com\/?page_id=6136"},"modified":"2024-12-17T15:31:54","modified_gmt":"2024-12-17T12:31:54","slug":"about-leading-interior-door-manufacturer-in-turkey","status":"publish","type":"page","link":"https:\/\/www.cihanpandoor.com\/tr\/about-leading-interior-door-manufacturer-in-turkey\/","title":{"rendered":"Hakk\u0131m\u0131zda"},"content":{"rendered":"<p>[vc_row css=&#8221;.vc_custom_1734438637496{background-color: #3e4475 !important;}&#8221;][vc_column][\/vc_column][\/vc_row][vc_row css=&#8221;.vc_custom_1734438646063{background-color: #3e4475 !important;}&#8221;][vc_column][\/vc_column][\/vc_row][vc_row css=&#8221;.vc_custom_1734438663734{background-color: #3e4475 !important;}&#8221;][vc_column][\/vc_column][\/vc_row][vc_row css=&#8221;.vc_custom_1734437342511{background-color: #ffffff !important;}&#8221;][vc_column width=&#8221;1\/6&#8243;][\/vc_column][vc_column width=&#8221;2\/3&#8243;][vc_single_image image=&#8221;14875&#8243; img_size=&#8221;full&#8221; add_caption=&#8221;yes&#8221; alignment=&#8221;center&#8221;][\/vc_column][vc_column width=&#8221;1\/6&#8243;][\/vc_column][\/vc_row][vc_row][vc_column width=&#8221;1\/6&#8243;][\/vc_column][vc_column width=&#8221;2\/3&#8243;][vc_column_text]<strong>Hakk\u0131m\u0131zda<\/strong><\/p>\n<p>25 y\u0131l\u0131 a\u015fk\u0131n deneyimimizi nitelikli i\u015f g\u00fcc\u00fc ve y\u00fcksek teknoloji ile birle\u015ftirerek kaliteli, modern ve \u015f\u0131k \u00fcr\u00fcnleri seri \u00fcreterek sekt\u00f6r\u00fcm\u00fczde \u00f6nc\u00fc konumday\u0131z.<\/p>\n<p><strong>Cihanpan Door&#8217;a Ho\u015f Geldiniz \u2013 \u0130\u00e7 Mekan Kap\u0131 \u00dcretiminde M\u00fckemmellik<\/strong><\/p>\n<p>Firmam\u0131z, 1998 y\u0131l\u0131nda <em>Cihan Wood<\/em> ad\u0131 alt\u0131nda \u00e7elik kap\u0131 modelleri \u00fcretimine ba\u015flam\u0131\u015f, daha sonra <em>CIHANPAN<\/em> markas\u0131 alt\u0131nda model \u00fcretiminin yan\u0131 s\u0131ra MDF kasa ve pervaz \u00fcretimine ba\u015flayarak \u00e7elik kap\u0131 \u00fcreticilerine g\u00fcvenilir bir tedarik\u00e7i olmu\u015ftur. 2023 y\u0131l\u0131 ba\u015f\u0131 itibar\u0131yla \u00e7\u00f6z\u00fcm ortaklar\u0131m\u0131z\u0131n talepleri do\u011frultusunda <em>CIHANPAN DOOR<\/em> markas\u0131yla oda kap\u0131lar\u0131 \u00fcretimine ba\u015flam\u0131\u015ft\u0131r.<\/p>\n<p>Uzun \u00e7al\u0131\u015fmalar sonucunda deneyimli ekibimiz taraf\u0131ndan \u00fcretilen <em>Elitpan UV<\/em> modelleri, kap\u0131 modellerinde elde etti\u011fimiz ba\u015far\u0131y\u0131 devam ettirece\u011fimize inan\u0131yoruz.<\/p>\n<p>25 y\u0131l\u0131 a\u015fk\u0131n tecr\u00fcbemizi nitelikli i\u015f g\u00fcc\u00fc ve y\u00fcksek teknolojiyle birle\u015ftirerek kaliteli, modern ve \u015f\u0131k \u00fcr\u00fcnleri seri \u00fcreterek sekt\u00f6r\u00fcm\u00fczde lider bir konuma ula\u015ft\u0131k.<\/p>\n<p>Bir ekip olarak; kaliteyi ya\u015fam tarz\u0131 haline getirdi\u011fimiz \u00fcretim felsefemizi, s\u00fcrekli de\u011fi\u015fim ve s\u00fcrekli geli\u015fim vizyonuyla birle\u015ftirerek <em>CIHANPAN DOOR<\/em>\u2019u d\u00fcnya markas\u0131 haline getirmek istiyoruz.<\/p>\n<p>13.000 metrekare kapal\u0131 alanda, iki ayr\u0131 kamp\u00fcste y\u0131ll\u0131k 100.000 kap\u0131 \u00fcretebilen tesisimizi sizlere sunmaktan gurur duyuyoruz.[\/vc_column_text][\/vc_column][vc_column width=&#8221;1\/6&#8243;][\/vc_column][\/vc_row][vc_row][vc_column width=&#8221;1\/6&#8243;][\/vc_column][vc_column width=&#8221;2\/3&#8243;][vc_column_text]<strong>Cihanpan Door olarak<\/strong>, T\u00fcrkiye&#8217;nin \u00f6nde gelen i\u00e7 mekan kap\u0131 \u00fcreticisi olmaktan gurur duyuyoruz. D\u00fcnya \u00e7ap\u0131nda toptan pazarlara y\u00f6nelik y\u00fcksek kaliteli, dayan\u0131kl\u0131 ve \u015f\u0131k ah\u015fap kap\u0131lar sunarak, T\u00fcrk kap\u0131 \u00fcreticileri aras\u0131nda g\u00fcvenilir bir isim haline geldik.<\/p>\n<p><strong>Misyonumuz<\/strong><br \/>\nMisyonumuz, i\u015flevsellik, zarafet ve dayan\u0131kl\u0131l\u0131\u011f\u0131 bir arada sunan \u00fcst\u00fcn kaliteli i\u00e7 mekan kap\u0131lar\u0131n\u0131 teslim etmektir. K\u00fcresel toptanc\u0131lara, b\u00fcy\u00fck \u00f6l\u00e7ekli projelere ve distrib\u00fct\u00f6rlere hizmet veriyor; her \u00fcr\u00fcn\u00fcm\u00fcz\u00fcn en y\u00fcksek end\u00fcstri standartlar\u0131n\u0131 kar\u015f\u0131lamas\u0131n\u0131 sa\u011fl\u0131yoruz.<\/p>\n<p><strong>Neden Cihanpan Door&#8217;u Se\u00e7melisiniz?<\/strong><\/p>\n<ul>\n<li><strong>Sekt\u00f6r Uzmanl\u0131\u011f\u0131<\/strong>: En sayg\u0131n ah\u015fap i\u00e7 kap\u0131 \u00fcreticilerinden biri olarak her projeye bilgi birikimimizi ve inovasyonumuzu yans\u0131t\u0131yoruz.<\/li>\n<li><strong>Y\u00fcksek Kaliteli Malzemeler<\/strong>: Zaman\u0131n testinden ge\u00e7en T\u00fcrk i\u00e7 kap\u0131lar\u0131n\u0131 \u00fcretmek i\u00e7in birinci s\u0131n\u0131f malzemeler kullan\u0131yoruz.<\/li>\n<li><strong>\u00d6zelle\u015ftirme<\/strong>: Tasar\u0131mdan fini\u015fe kadar, \u00f6zel proje gereksinimlerinize y\u00f6nelik \u00e7\u00f6z\u00fcmler sunuyoruz.<\/li>\n<li><strong>K\u00fcresel Eri\u015fim<\/strong>: Uluslararas\u0131 pazarlara hizmet vererek, toptanc\u0131lar i\u00e7in en iyi T\u00fcrk i\u00e7 kap\u0131 \u00fcreticileri aras\u0131nda tercih edilen i\u015f orta\u011f\u0131y\u0131z.<\/li>\n<\/ul>\n<p><strong>Vizyonumuz<\/strong><br \/>\nAmac\u0131m\u0131z, <em>toptan ah\u015fap kap\u0131lar\u0131n ihracat\u0131n\u0131 nereden alabilirim?<\/em> sorusuna ilk tercih edilen cevap olmakt\u0131r. M\u00fc\u015fteri memnuniyeti, rekabet\u00e7i fiyatland\u0131rma ve e\u015fsiz i\u015f\u00e7ili\u011fe olan ba\u011fl\u0131l\u0131\u011f\u0131m\u0131zla k\u00fcresel pazardaki varl\u0131\u011f\u0131m\u0131z\u0131 geni\u015fletmeye devam ediyoruz.<\/p>\n<p><strong>Bize Ula\u015f\u0131n<\/strong><br \/>\n\u00dcst\u00fcn kalite ve hizmet i\u00e7in <em>Cihanpan Door<\/em>\u2019u se\u00e7in. \u00dcr\u00fcnlerimiz ve i\u00e7 mekan kap\u0131 ihtiya\u00e7lar\u0131n\u0131z\u0131 nas\u0131l kar\u015f\u0131layabilece\u011fimiz hakk\u0131nda daha fazla bilgi almak i\u00e7in bizimle ileti\u015fime ge\u00e7in.[\/vc_column_text][\/vc_column][vc_column width=&#8221;1\/6&#8243;][\/vc_column][\/vc_row]<\/p>","protected":false},"excerpt":{"rendered":"<p>[vc_row css=&#8221;.vc_custom_1734438637496{background-color: #3e4475 !important;}&#8221;][vc_column][\/vc_column][\/vc_row][vc_row css=&#8221;.vc_custom_1734438646063{background-color: #3e4475 !important;}&#8221;][vc_column][\/vc_column][\/vc_row][vc_row css=&#8221;.vc_custom_1734438663734{background-color: #3e4475 !important;}&#8221;][vc_column][\/vc_column][\/vc_row][vc_row css=&#8221;.vc_custom_1734437342511{background-color: #ffffff !important;}&#8221;][vc_column width=&#8221;1\/6&#8243;][\/vc_column][vc_column width=&#8221;2\/3&#8243;][vc_single_image image=&#8221;14875&#8243; img_size=&#8221;full&#8221; add_caption=&#8221;yes&#8221; alignment=&#8221;center&#8221;][\/vc_column][vc_column width=&#8221;1\/6&#8243;][\/vc_column][\/vc_row][vc_row][vc_column width=&#8221;1\/6&#8243;][\/vc_column][vc_column width=&#8221;2\/3&#8243;][vc_column_text]Hakk\u0131m\u0131zda 25 y\u0131l\u0131 a\u015fk\u0131n deneyimimizi nitelikli i\u015f g\u00fcc\u00fc ve y\u00fcksek teknoloji ile birle\u015ftirerek kaliteli, modern ve \u015f\u0131k \u00fcr\u00fcnleri seri \u00fcreterek sekt\u00f6r\u00fcm\u00fczde \u00f6nc\u00fc konumday\u0131z. Cihanpan Door&#8217;a Ho\u015f Geldiniz \u2013 \u0130\u00e7 Mekan Kap\u0131 \u00dcretiminde M\u00fckemmellik Firmam\u0131z, [&hellip;]<\/p>\n","protected":false},"author":1,"featured_media":0,"parent":0,"menu_order":0,"comment_status":"closed","ping_status":"closed","template":"page-full-width.php","meta":{"footnotes":""},"class_list":["post-6136","page","type-page","status-publish","hentry"],"yoast_head":"<!-- This site is optimized with the Yoast SEO plugin v27.4 - https:\/\/yoast.com\/product\/yoast-seo-wordpress\/ -->\n<title>About Cihanpan Door, Leading Interior Door Manufacturer in Turkey<\/title>\n<meta name=\"description\" content=\"Discover Cihanpan Door, Turkey&#039;s leading manufacturer of high-quality, stylish, and durable wooden doors for wholesale and export.\" \/>\n<meta name=\"robots\" content=\"index, follow, max-snippet:-1, max-image-preview:large, max-video-preview:-1\" \/>\n<link rel=\"canonical\" href=\"https:\/\/www.cihanpandoor.com\/about-leading-interior-door-manufacturer-in-turkey\/\" \/>\n<meta property=\"og:locale\" content=\"tr_TR\" \/>\n<meta property=\"og:type\" content=\"article\" \/>\n<meta property=\"og:title\" content=\"About Cihanpan Door, Leading Interior Door Manufacturer in Turkey\" \/>\n<meta property=\"og:description\" content=\"Discover Cihanpan Door, Turkey&#039;s leading manufacturer of high-quality, stylish, and durable wooden doors for wholesale and export.\" \/>\n<meta property=\"og:url\" content=\"https:\/\/www.cihanpandoor.com\/about-leading-interior-door-manufacturer-in-turkey\/\" \/>\n<meta property=\"og:site_name\" content=\"CihanpanDoor\" \/>\n<meta property=\"article:publisher\" content=\"https:\/\/www.facebook.com\/profile.php?id=61568102666880\" \/>\n<meta property=\"article:modified_time\" content=\"2024-12-17T12:31:54+00:00\" \/>\n<meta property=\"og:image\" content=\"https:\/\/www.cihanpandoor.com\/wp-content\/uploads\/2024\/12\/Screenshot_78.png\" \/>\n\t<meta property=\"og:image:width\" content=\"938\" \/>\n\t<meta property=\"og:image:height\" content=\"321\" \/>\n\t<meta property=\"og:image:type\" content=\"image\/png\" \/>\n<meta name=\"twitter:card\" content=\"summary_large_image\" \/>\n<meta name=\"twitter:label1\" content=\"Tahmini okuma s\u00fcresi\" \/>\n\t<meta name=\"twitter:data1\" content=\"3 dakika\" \/>\n<script type=\"application\/ld+json\" class=\"yoast-schema-graph\">{\"@context\":\"https:\\\/\\\/schema.org\",\"@graph\":[{\"@type\":[\"WebPage\",\"ContactPage\"],\"@id\":\"https:\\\/\\\/www.cihanpandoor.com\\\/about-leading-interior-door-manufacturer-in-turkey\\\/\",\"url\":\"https:\\\/\\\/www.cihanpandoor.com\\\/about-leading-interior-door-manufacturer-in-turkey\\\/\",\"name\":\"About Cihanpan Door, Leading Interior Door Manufacturer in Turkey\",\"isPartOf\":{\"@id\":\"https:\\\/\\\/www.cihanpandoor.com\\\/#website\"},\"datePublished\":\"2022-04-15T07:29:53+00:00\",\"dateModified\":\"2024-12-17T12:31:54+00:00\",\"description\":\"Discover Cihanpan Door, Turkey's leading manufacturer of high-quality, stylish, and durable wooden doors for wholesale and export.\",\"breadcrumb\":{\"@id\":\"https:\\\/\\\/www.cihanpandoor.com\\\/about-leading-interior-door-manufacturer-in-turkey\\\/#breadcrumb\"},\"inLanguage\":\"tr\",\"potentialAction\":[{\"@type\":\"ReadAction\",\"target\":[\"https:\\\/\\\/www.cihanpandoor.com\\\/about-leading-interior-door-manufacturer-in-turkey\\\/\"]}]},{\"@type\":\"BreadcrumbList\",\"@id\":\"https:\\\/\\\/www.cihanpandoor.com\\\/about-leading-interior-door-manufacturer-in-turkey\\\/#breadcrumb\",\"itemListElement\":[{\"@type\":\"ListItem\",\"position\":1,\"name\":\"Anasayfa\",\"item\":\"https:\\\/\\\/www.cihanpandoor.com\\\/\"},{\"@type\":\"ListItem\",\"position\":2,\"name\":\"Hakk\u0131m\u0131zda\"}]},{\"@type\":\"WebSite\",\"@id\":\"https:\\\/\\\/www.cihanpandoor.com\\\/#website\",\"url\":\"https:\\\/\\\/www.cihanpandoor.com\\\/\",\"name\":\"CihanpanDoor\",\"description\":\"\",\"publisher\":{\"@id\":\"https:\\\/\\\/www.cihanpandoor.com\\\/#organization\"},\"potentialAction\":[{\"@type\":\"SearchAction\",\"target\":{\"@type\":\"EntryPoint\",\"urlTemplate\":\"https:\\\/\\\/www.cihanpandoor.com\\\/?s={search_term_string}\"},\"query-input\":{\"@type\":\"PropertyValueSpecification\",\"valueRequired\":true,\"valueName\":\"search_term_string\"}}],\"inLanguage\":\"tr\"},{\"@type\":\"Organization\",\"@id\":\"https:\\\/\\\/www.cihanpandoor.com\\\/#organization\",\"name\":\"CihanPan Door\",\"alternateName\":\"Cihanpandoor\",\"url\":\"https:\\\/\\\/www.cihanpandoor.com\\\/\",\"logo\":{\"@type\":\"ImageObject\",\"inLanguage\":\"tr\",\"@id\":\"https:\\\/\\\/www.cihanpandoor.com\\\/#\\\/schema\\\/logo\\\/image\\\/\",\"url\":\"https:\\\/\\\/www.cihanpandoor.com\\\/wp-content\\\/uploads\\\/2023\\\/02\\\/Cihanpandoor-Logo.png\",\"contentUrl\":\"https:\\\/\\\/www.cihanpandoor.com\\\/wp-content\\\/uploads\\\/2023\\\/02\\\/Cihanpandoor-Logo.png\",\"width\":350,\"height\":138,\"caption\":\"CihanPan Door\"},\"image\":{\"@id\":\"https:\\\/\\\/www.cihanpandoor.com\\\/#\\\/schema\\\/logo\\\/image\\\/\"},\"sameAs\":[\"https:\\\/\\\/www.facebook.com\\\/profile.php?id=61568102666880\",\"https:\\\/\\\/www.instagram.com\\\/cihanpan_door\\\/\"]}]}<\/script>\n<!-- \/ Yoast SEO plugin. -->","yoast_head_json":{"title":"About Cihanpan Door, Leading Interior Door Manufacturer in Turkey","description":"Discover Cihanpan Door, Turkey's leading manufacturer of high-quality, stylish, and durable wooden doors for wholesale and export.","robots":{"index":"index","follow":"follow","max-snippet":"max-snippet:-1","max-image-preview":"max-image-preview:large","max-video-preview":"max-video-preview:-1"},"canonical":"https:\/\/www.cihanpandoor.com\/about-leading-interior-door-manufacturer-in-turkey\/","og_locale":"tr_TR","og_type":"article","og_title":"About Cihanpan Door, Leading Interior Door Manufacturer in Turkey","og_description":"Discover Cihanpan Door, Turkey's leading manufacturer of high-quality, stylish, and durable wooden doors for wholesale and export.","og_url":"https:\/\/www.cihanpandoor.com\/about-leading-interior-door-manufacturer-in-turkey\/","og_site_name":"CihanpanDoor","article_publisher":"https:\/\/www.facebook.com\/profile.php?id=61568102666880","article_modified_time":"2024-12-17T12:31:54+00:00","og_image":[{"width":938,"height":321,"url":"https:\/\/www.cihanpandoor.com\/wp-content\/uploads\/2024\/12\/Screenshot_78.png","type":"image\/png"}],"twitter_card":"summary_large_image","twitter_misc":{"Tahmini okuma s\u00fcresi":"3 dakika"},"schema":{"@context":"https:\/\/schema.org","@graph":[{"@type":["WebPage","ContactPage"],"@id":"https:\/\/www.cihanpandoor.com\/about-leading-interior-door-manufacturer-in-turkey\/","url":"https:\/\/www.cihanpandoor.com\/about-leading-interior-door-manufacturer-in-turkey\/","name":"About Cihanpan Door, Leading Interior Door Manufacturer in Turkey","isPartOf":{"@id":"https:\/\/www.cihanpandoor.com\/#website"},"datePublished":"2022-04-15T07:29:53+00:00","dateModified":"2024-12-17T12:31:54+00:00","description":"Discover Cihanpan Door, Turkey's leading manufacturer of high-quality, stylish, and durable wooden doors for wholesale and export.","breadcrumb":{"@id":"https:\/\/www.cihanpandoor.com\/about-leading-interior-door-manufacturer-in-turkey\/#breadcrumb"},"inLanguage":"tr","potentialAction":[{"@type":"ReadAction","target":["https:\/\/www.cihanpandoor.com\/about-leading-interior-door-manufacturer-in-turkey\/"]}]},{"@type":"BreadcrumbList","@id":"https:\/\/www.cihanpandoor.com\/about-leading-interior-door-manufacturer-in-turkey\/#breadcrumb","itemListElement":[{"@type":"ListItem","position":1,"name":"Anasayfa","item":"https:\/\/www.cihanpandoor.com\/"},{"@type":"ListItem","position":2,"name":"Hakk\u0131m\u0131zda"}]},{"@type":"WebSite","@id":"https:\/\/www.cihanpandoor.com\/#website","url":"https:\/\/www.cihanpandoor.com\/","name":"CihanpanDoor","description":"","publisher":{"@id":"https:\/\/www.cihanpandoor.com\/#organization"},"potentialAction":[{"@type":"SearchAction","target":{"@type":"EntryPoint","urlTemplate":"https:\/\/www.cihanpandoor.com\/?s={search_term_string}"},"query-input":{"@type":"PropertyValueSpecification","valueRequired":true,"valueName":"search_term_string"}}],"inLanguage":"tr"},{"@type":"Organization","@id":"https:\/\/www.cihanpandoor.com\/#organization","name":"CihanPan Door","alternateName":"Cihanpandoor","url":"https:\/\/www.cihanpandoor.com\/","logo":{"@type":"ImageObject","inLanguage":"tr","@id":"https:\/\/www.cihanpandoor.com\/#\/schema\/logo\/image\/","url":"https:\/\/www.cihanpandoor.com\/wp-content\/uploads\/2023\/02\/Cihanpandoor-Logo.png","contentUrl":"https:\/\/www.cihanpandoor.com\/wp-content\/uploads\/2023\/02\/Cihanpandoor-Logo.png","width":350,"height":138,"caption":"CihanPan Door"},"image":{"@id":"https:\/\/www.cihanpandoor.com\/#\/schema\/logo\/image\/"},"sameAs":["https:\/\/www.facebook.com\/profile.php?id=61568102666880","https:\/\/www.instagram.com\/cihanpan_door\/"]}]}},"_links":{"self":[{"href":"https:\/\/www.cihanpandoor.com\/tr\/wp-json\/wp\/v2\/pages\/6136","targetHints":{"allow":["GET"]}}],"collection":[{"href":"https:\/\/www.cihanpandoor.com\/tr\/wp-json\/wp\/v2\/pages"}],"about":[{"href":"https:\/\/www.cihanpandoor.com\/tr\/wp-json\/wp\/v2\/types\/page"}],"author":[{"embeddable":true,"href":"https:\/\/www.cihanpandoor.com\/tr\/wp-json\/wp\/v2\/users\/1"}],"replies":[{"embeddable":true,"href":"https:\/\/www.cihanpandoor.com\/tr\/wp-json\/wp\/v2\/comments?post=6136"}],"version-history":[{"count":0,"href":"https:\/\/www.cihanpandoor.com\/tr\/wp-json\/wp\/v2\/pages\/6136\/revisions"}],"wp:attachment":[{"href":"https:\/\/www.cihanpandoor.com\/tr\/wp-json\/wp\/v2\/media?parent=6136"}],"curies":[{"name":"wp","href":"https:\/\/api.w.org\/{rel}","templated":true}]}}