{"id":8398,"date":"2022-04-20T09:22:28","date_gmt":"2022-04-20T06:22:28","guid":{"rendered":"https:\/\/archicon.qodeinteractive.com\/?page_id=8398"},"modified":"2025-01-13T11:27:26","modified_gmt":"2025-01-13T08:27:26","slug":"ic-oda-kapilarimiz","status":"publish","type":"page","link":"https:\/\/www.cihanpandoor.com\/tr\/ic-oda-kapilarimiz\/","title":{"rendered":"\u0130\u00e7 Oda Kap\u0131lar\u0131m\u0131z"},"content":{"rendered":"\t\t<div data-elementor-type=\"wp-page\" data-elementor-id=\"8398\" class=\"elementor elementor-8398\">\n\t\t\t\t\t\t<section class=\"elementor-section elementor-top-section elementor-element elementor-element-89b86ea elementor-section-full_width qodef-elementor-content-grid elementor-section-height-default elementor-section-height-default\" data-id=\"89b86ea\" data-element_type=\"section\" data-e-type=\"section\">\n\t\t\t\t\t\t<div class=\"elementor-container elementor-column-gap-default\">\n\t\t\t\t\t<div class=\"elementor-column elementor-col-100 elementor-top-column elementor-element elementor-element-0e83292\" data-id=\"0e83292\" data-element_type=\"column\" data-e-type=\"column\">\n\t\t\t<div class=\"elementor-widget-wrap elementor-element-populated\">\n\t\t\t\t\t\t<div class=\"elementor-element elementor-element-1b04045 elementor-widget elementor-widget-archicon_core_portfolio_list\" data-id=\"1b04045\" data-element_type=\"widget\" data-e-type=\"widget\" data-widget_type=\"archicon_core_portfolio_list.default\">\n\t\t\t\t<div class=\"elementor-widget-container\">\n\t\t\t\t\t<div class=\"qodef-shortcode qodef-m  qodef-portfolio-list qodef-item-layout--info-below  qodef-grid qodef-layout--columns  qodef-gutter--normal qodef-col-num--3 qodef-item-layout--info-below qodef--no-bottom-space qodef-pagination--off qodef-responsive--predefined\"  data-options=\"{&quot;plugin&quot;:&quot;archicon_core&quot;,&quot;module&quot;:&quot;post-types\\\/portfolio\\\/shortcodes&quot;,&quot;shortcode&quot;:&quot;portfolio-list&quot;,&quot;post_type&quot;:&quot;portfolio-item&quot;,&quot;next_page&quot;:&quot;2&quot;,&quot;max_pages_num&quot;:0,&quot;behavior&quot;:&quot;columns&quot;,&quot;images_proportion&quot;:&quot;archicon_core_image_size_square&quot;,&quot;columns&quot;:&quot;3&quot;,&quot;columns_responsive&quot;:&quot;predefined&quot;,&quot;space&quot;:&quot;normal&quot;,&quot;posts_per_page&quot;:&quot;9&quot;,&quot;orderby&quot;:&quot;date&quot;,&quot;order&quot;:&quot;ASC&quot;,&quot;additional_params&quot;:&quot;tax&quot;,&quot;tax&quot;:&quot;portfolio-category&quot;,&quot;tax_slug&quot;:&quot;ic-oda-kapilarimiz&quot;,&quot;layout&quot;:&quot;info-below&quot;,&quot;hover_animation_info-follow&quot;:&quot;follow&quot;,&quot;title_tag&quot;:&quot;h4&quot;,&quot;custom_margin&quot;:&quot;no&quot;,&quot;enable_filter&quot;:&quot;no&quot;,&quot;pagination_type&quot;:&quot;no-pagination&quot;,&quot;info_below_content_margin_bottom&quot;:&quot;50&quot;,&quot;hide_year&quot;:&quot;no&quot;,&quot;object_class_name&quot;:&quot;ArchiconCore_Portfolio_List_Shortcode&quot;,&quot;taxonomy_filter&quot;:&quot;portfolio-category&quot;,&quot;additional_query_args&quot;:{&quot;tax_query&quot;:[{&quot;taxonomy&quot;:&quot;portfolio-category&quot;,&quot;field&quot;:&quot;slug&quot;,&quot;terms&quot;:&quot;ic-oda-kapilarimiz&quot;}]},&quot;holder_styles&quot;:[],&quot;space_value&quot;:15}\">\n\t\t<div class=\"qodef-grid-inner clear\">\n\t\t<p class=\"qodef-m-posts-not-found qodef-grid-item\">No posts were found for provided query parameters.<\/p>\n\t<\/div>\n\t<\/div>\n\t\t\t\t<\/div>\n\t\t\t\t<\/div>\n\t\t\t\t\t<\/div>\n\t\t<\/div>\n\t\t\t\t\t<\/div>\n\t\t<\/section>\n\t\t\t\t<\/div>\n\t\t","protected":false},"excerpt":{"rendered":"<p>\u0130\u00e7 Oda Kap\u0131lar\u0131m\u0131z 001 Serisi \u0130\u00e7 Oda Kap\u0131lar\u0131m\u0131z 002 Serisi \u0130\u00e7 Oda Kap\u0131lar\u0131m\u0131z 003 Serisi \u0130\u00e7 Oda Kap\u0131lar\u0131m\u0131z Karin \u0130\u00e7 Oda Kap\u0131lar\u0131m\u0131z Karin \u0130\u00e7 Oda Kap\u0131lar\u0131m\u0131z Karin<\/p>\n","protected":false},"author":1,"featured_media":0,"parent":0,"menu_order":0,"comment_status":"closed","ping_status":"closed","template":"","meta":{"footnotes":""},"class_list":["post-8398","page","type-page","status-publish","hentry"],"yoast_head":"<!-- This site is optimized with the Yoast SEO plugin v27.4 - https:\/\/yoast.com\/product\/yoast-seo-wordpress\/ -->\n<title>\u0130\u00e7 Oda Kap\u0131lar\u0131m\u0131z - CihanpanDoor<\/title>\n<meta name=\"robots\" content=\"index, follow, max-snippet:-1, max-image-preview:large, max-video-preview:-1\" \/>\n<link rel=\"canonical\" href=\"https:\/\/www.cihanpandoor.com\/ic-oda-kapilarimiz\/\" \/>\n<meta property=\"og:locale\" content=\"tr_TR\" \/>\n<meta property=\"og:type\" content=\"article\" \/>\n<meta property=\"og:title\" content=\"\u0130\u00e7 Oda Kap\u0131lar\u0131m\u0131z - CihanpanDoor\" \/>\n<meta property=\"og:description\" content=\"\u0130\u00e7 Oda Kap\u0131lar\u0131m\u0131z 001 Serisi \u0130\u00e7 Oda Kap\u0131lar\u0131m\u0131z 002 Serisi \u0130\u00e7 Oda Kap\u0131lar\u0131m\u0131z 003 Serisi \u0130\u00e7 Oda Kap\u0131lar\u0131m\u0131z Karin \u0130\u00e7 Oda Kap\u0131lar\u0131m\u0131z Karin \u0130\u00e7 Oda Kap\u0131lar\u0131m\u0131z Karin\" \/>\n<meta property=\"og:url\" content=\"https:\/\/www.cihanpandoor.com\/ic-oda-kapilarimiz\/\" \/>\n<meta property=\"og:site_name\" content=\"CihanpanDoor\" \/>\n<meta property=\"article:publisher\" content=\"https:\/\/www.facebook.com\/profile.php?id=61568102666880\" \/>\n<meta property=\"article:modified_time\" content=\"2025-01-13T08:27:26+00:00\" \/>\n<meta property=\"og:image\" content=\"https:\/\/www.cihanpandoor.com\/wp-content\/uploads\/2022\/04\/urunlerdenemegorsel-02.jpg\" \/>\n<meta name=\"twitter:card\" content=\"summary_large_image\" \/>\n<meta name=\"twitter:label1\" content=\"Tahmini okuma s\u00fcresi\" \/>\n\t<meta name=\"twitter:data1\" content=\"2 dakika\" \/>\n<script type=\"application\/ld+json\" class=\"yoast-schema-graph\">{\"@context\":\"https:\\\/\\\/schema.org\",\"@graph\":[{\"@type\":[\"WebPage\",\"ContactPage\"],\"@id\":\"https:\\\/\\\/www.cihanpandoor.com\\\/ic-oda-kapilarimiz\\\/\",\"url\":\"https:\\\/\\\/www.cihanpandoor.com\\\/ic-oda-kapilarimiz\\\/\",\"name\":\"\u0130\u00e7 Oda Kap\u0131lar\u0131m\u0131z - CihanpanDoor\",\"isPartOf\":{\"@id\":\"https:\\\/\\\/www.cihanpandoor.com\\\/#website\"},\"primaryImageOfPage\":{\"@id\":\"https:\\\/\\\/www.cihanpandoor.com\\\/ic-oda-kapilarimiz\\\/#primaryimage\"},\"image\":{\"@id\":\"https:\\\/\\\/www.cihanpandoor.com\\\/ic-oda-kapilarimiz\\\/#primaryimage\"},\"thumbnailUrl\":\"https:\\\/\\\/www.cihanpandoor.com\\\/wp-content\\\/uploads\\\/2022\\\/04\\\/urunlerdenemegorsel-02.jpg\",\"datePublished\":\"2022-04-20T06:22:28+00:00\",\"dateModified\":\"2025-01-13T08:27:26+00:00\",\"breadcrumb\":{\"@id\":\"https:\\\/\\\/www.cihanpandoor.com\\\/ic-oda-kapilarimiz\\\/#breadcrumb\"},\"inLanguage\":\"tr\",\"potentialAction\":[{\"@type\":\"ReadAction\",\"target\":[\"https:\\\/\\\/www.cihanpandoor.com\\\/ic-oda-kapilarimiz\\\/\"]}]},{\"@type\":\"ImageObject\",\"inLanguage\":\"tr\",\"@id\":\"https:\\\/\\\/www.cihanpandoor.com\\\/ic-oda-kapilarimiz\\\/#primaryimage\",\"url\":\"https:\\\/\\\/www.cihanpandoor.com\\\/wp-content\\\/uploads\\\/2022\\\/04\\\/urunlerdenemegorsel-02.jpg\",\"contentUrl\":\"https:\\\/\\\/www.cihanpandoor.com\\\/wp-content\\\/uploads\\\/2022\\\/04\\\/urunlerdenemegorsel-02.jpg\"},{\"@type\":\"BreadcrumbList\",\"@id\":\"https:\\\/\\\/www.cihanpandoor.com\\\/ic-oda-kapilarimiz\\\/#breadcrumb\",\"itemListElement\":[{\"@type\":\"ListItem\",\"position\":1,\"name\":\"Anasayfa\",\"item\":\"https:\\\/\\\/www.cihanpandoor.com\\\/\"},{\"@type\":\"ListItem\",\"position\":2,\"name\":\"\u0130\u00e7 Oda Kap\u0131lar\u0131m\u0131z\"}]},{\"@type\":\"WebSite\",\"@id\":\"https:\\\/\\\/www.cihanpandoor.com\\\/#website\",\"url\":\"https:\\\/\\\/www.cihanpandoor.com\\\/\",\"name\":\"CihanpanDoor\",\"description\":\"\",\"publisher\":{\"@id\":\"https:\\\/\\\/www.cihanpandoor.com\\\/#organization\"},\"potentialAction\":[{\"@type\":\"SearchAction\",\"target\":{\"@type\":\"EntryPoint\",\"urlTemplate\":\"https:\\\/\\\/www.cihanpandoor.com\\\/?s={search_term_string}\"},\"query-input\":{\"@type\":\"PropertyValueSpecification\",\"valueRequired\":true,\"valueName\":\"search_term_string\"}}],\"inLanguage\":\"tr\"},{\"@type\":\"Organization\",\"@id\":\"https:\\\/\\\/www.cihanpandoor.com\\\/#organization\",\"name\":\"CihanPan Door\",\"alternateName\":\"Cihanpandoor\",\"url\":\"https:\\\/\\\/www.cihanpandoor.com\\\/\",\"logo\":{\"@type\":\"ImageObject\",\"inLanguage\":\"tr\",\"@id\":\"https:\\\/\\\/www.cihanpandoor.com\\\/#\\\/schema\\\/logo\\\/image\\\/\",\"url\":\"https:\\\/\\\/www.cihanpandoor.com\\\/wp-content\\\/uploads\\\/2023\\\/02\\\/Cihanpandoor-Logo.png\",\"contentUrl\":\"https:\\\/\\\/www.cihanpandoor.com\\\/wp-content\\\/uploads\\\/2023\\\/02\\\/Cihanpandoor-Logo.png\",\"width\":350,\"height\":138,\"caption\":\"CihanPan Door\"},\"image\":{\"@id\":\"https:\\\/\\\/www.cihanpandoor.com\\\/#\\\/schema\\\/logo\\\/image\\\/\"},\"sameAs\":[\"https:\\\/\\\/www.facebook.com\\\/profile.php?id=61568102666880\",\"https:\\\/\\\/www.instagram.com\\\/cihanpan_door\\\/\"]}]}<\/script>\n<!-- \/ Yoast SEO plugin. -->","yoast_head_json":{"title":"\u0130\u00e7 Oda Kap\u0131lar\u0131m\u0131z - CihanpanDoor","robots":{"index":"index","follow":"follow","max-snippet":"max-snippet:-1","max-image-preview":"max-image-preview:large","max-video-preview":"max-video-preview:-1"},"canonical":"https:\/\/www.cihanpandoor.com\/ic-oda-kapilarimiz\/","og_locale":"tr_TR","og_type":"article","og_title":"\u0130\u00e7 Oda Kap\u0131lar\u0131m\u0131z - CihanpanDoor","og_description":"\u0130\u00e7 Oda Kap\u0131lar\u0131m\u0131z 001 Serisi \u0130\u00e7 Oda Kap\u0131lar\u0131m\u0131z 002 Serisi \u0130\u00e7 Oda Kap\u0131lar\u0131m\u0131z 003 Serisi \u0130\u00e7 Oda Kap\u0131lar\u0131m\u0131z Karin \u0130\u00e7 Oda Kap\u0131lar\u0131m\u0131z Karin \u0130\u00e7 Oda Kap\u0131lar\u0131m\u0131z Karin","og_url":"https:\/\/www.cihanpandoor.com\/ic-oda-kapilarimiz\/","og_site_name":"CihanpanDoor","article_publisher":"https:\/\/www.facebook.com\/profile.php?id=61568102666880","article_modified_time":"2025-01-13T08:27:26+00:00","og_image":[{"url":"https:\/\/www.cihanpandoor.com\/wp-content\/uploads\/2022\/04\/urunlerdenemegorsel-02.jpg","type":"","width":"","height":""}],"twitter_card":"summary_large_image","twitter_misc":{"Tahmini okuma s\u00fcresi":"2 dakika"},"schema":{"@context":"https:\/\/schema.org","@graph":[{"@type":["WebPage","ContactPage"],"@id":"https:\/\/www.cihanpandoor.com\/ic-oda-kapilarimiz\/","url":"https:\/\/www.cihanpandoor.com\/ic-oda-kapilarimiz\/","name":"\u0130\u00e7 Oda Kap\u0131lar\u0131m\u0131z - CihanpanDoor","isPartOf":{"@id":"https:\/\/www.cihanpandoor.com\/#website"},"primaryImageOfPage":{"@id":"https:\/\/www.cihanpandoor.com\/ic-oda-kapilarimiz\/#primaryimage"},"image":{"@id":"https:\/\/www.cihanpandoor.com\/ic-oda-kapilarimiz\/#primaryimage"},"thumbnailUrl":"https:\/\/www.cihanpandoor.com\/wp-content\/uploads\/2022\/04\/urunlerdenemegorsel-02.jpg","datePublished":"2022-04-20T06:22:28+00:00","dateModified":"2025-01-13T08:27:26+00:00","breadcrumb":{"@id":"https:\/\/www.cihanpandoor.com\/ic-oda-kapilarimiz\/#breadcrumb"},"inLanguage":"tr","potentialAction":[{"@type":"ReadAction","target":["https:\/\/www.cihanpandoor.com\/ic-oda-kapilarimiz\/"]}]},{"@type":"ImageObject","inLanguage":"tr","@id":"https:\/\/www.cihanpandoor.com\/ic-oda-kapilarimiz\/#primaryimage","url":"https:\/\/www.cihanpandoor.com\/wp-content\/uploads\/2022\/04\/urunlerdenemegorsel-02.jpg","contentUrl":"https:\/\/www.cihanpandoor.com\/wp-content\/uploads\/2022\/04\/urunlerdenemegorsel-02.jpg"},{"@type":"BreadcrumbList","@id":"https:\/\/www.cihanpandoor.com\/ic-oda-kapilarimiz\/#breadcrumb","itemListElement":[{"@type":"ListItem","position":1,"name":"Anasayfa","item":"https:\/\/www.cihanpandoor.com\/"},{"@type":"ListItem","position":2,"name":"\u0130\u00e7 Oda Kap\u0131lar\u0131m\u0131z"}]},{"@type":"WebSite","@id":"https:\/\/www.cihanpandoor.com\/#website","url":"https:\/\/www.cihanpandoor.com\/","name":"CihanpanDoor","description":"","publisher":{"@id":"https:\/\/www.cihanpandoor.com\/#organization"},"potentialAction":[{"@type":"SearchAction","target":{"@type":"EntryPoint","urlTemplate":"https:\/\/www.cihanpandoor.com\/?s={search_term_string}"},"query-input":{"@type":"PropertyValueSpecification","valueRequired":true,"valueName":"search_term_string"}}],"inLanguage":"tr"},{"@type":"Organization","@id":"https:\/\/www.cihanpandoor.com\/#organization","name":"CihanPan Door","alternateName":"Cihanpandoor","url":"https:\/\/www.cihanpandoor.com\/","logo":{"@type":"ImageObject","inLanguage":"tr","@id":"https:\/\/www.cihanpandoor.com\/#\/schema\/logo\/image\/","url":"https:\/\/www.cihanpandoor.com\/wp-content\/uploads\/2023\/02\/Cihanpandoor-Logo.png","contentUrl":"https:\/\/www.cihanpandoor.com\/wp-content\/uploads\/2023\/02\/Cihanpandoor-Logo.png","width":350,"height":138,"caption":"CihanPan Door"},"image":{"@id":"https:\/\/www.cihanpandoor.com\/#\/schema\/logo\/image\/"},"sameAs":["https:\/\/www.facebook.com\/profile.php?id=61568102666880","https:\/\/www.instagram.com\/cihanpan_door\/"]}]}},"_links":{"self":[{"href":"https:\/\/www.cihanpandoor.com\/tr\/wp-json\/wp\/v2\/pages\/8398","targetHints":{"allow":["GET"]}}],"collection":[{"href":"https:\/\/www.cihanpandoor.com\/tr\/wp-json\/wp\/v2\/pages"}],"about":[{"href":"https:\/\/www.cihanpandoor.com\/tr\/wp-json\/wp\/v2\/types\/page"}],"author":[{"embeddable":true,"href":"https:\/\/www.cihanpandoor.com\/tr\/wp-json\/wp\/v2\/users\/1"}],"replies":[{"embeddable":true,"href":"https:\/\/www.cihanpandoor.com\/tr\/wp-json\/wp\/v2\/comments?post=8398"}],"version-history":[{"count":0,"href":"https:\/\/www.cihanpandoor.com\/tr\/wp-json\/wp\/v2\/pages\/8398\/revisions"}],"wp:attachment":[{"href":"https:\/\/www.cihanpandoor.com\/tr\/wp-json\/wp\/v2\/media?parent=8398"}],"curies":[{"name":"wp","href":"https:\/\/api.w.org\/{rel}","templated":true}]}}